{"id":2013,"date":"2017-07-04T16:49:43","date_gmt":"2017-07-04T20:49:43","guid":{"rendered":"http:\/\/roxannejean.com\/publicites-televisees-et-radiophoniques\/"},"modified":"2022-10-17T07:46:51","modified_gmt":"2022-10-17T11:46:51","slug":"publicites-televisees-et-radiophoniques","status":"publish","type":"page","link":"https:\/\/roxannejean.com\/fr\/publicites-televisees-et-radiophoniques\/","title":{"rendered":"Publicit\u00e9s t\u00e9l\u00e9vis\u00e9es et radiophoniques"},"content":{"rendered":"<p><div class=\"fusion-fullwidth fullwidth-box fusion-builder-row-1 nonhundred-percent-fullwidth non-hundred-percent-height-scrolling\" style=\"background-color: rgba(255,255,255,0);background-position: center center;background-repeat: no-repeat;padding-top:0px;padding-right:0px;padding-bottom:0px;padding-left:0px;margin-bottom: 0px;margin-top: 0px;border-width: 0px 0px 0px 0px;border-color:#eae9e9;border-style:solid;\" ><div class=\"fusion-builder-row fusion-row\"><div class=\"fusion-layout-column fusion_builder_column fusion-builder-column-0 fusion_builder_column_2_3 2_3 fusion-two-third fusion-column-first\" style=\"width:66.666666666667%;width:calc(66.666666666667% - ( ( 4% ) * 0.66666666666667 ) );margin-right: 4%;margin-top:0px;margin-bottom:20px;\"><div class=\"fusion-column-wrapper fusion-flex-column-wrapper-legacy\" style=\"background-position:left top;background-repeat:no-repeat;-webkit-background-size:cover;-moz-background-size:cover;-o-background-size:cover;background-size:cover;padding: 0px 0px 0px 0px;\"><div class=\"fusion-builder-row fusion-builder-row-inner fusion-row\"><div class=\"fusion-layout-column fusion_builder_column_inner fusion-builder-nested-column-0 fusion_builder_column_inner_1_1 1_1 fusion-one-full fusion-column-first fusion-column-last\" style=\"margin-top:35px;margin-bottom:0px;\"><div class=\"fusion-column-wrapper fusion-flex-column-wrapper-legacy\" style=\"background-position:left top;background-repeat:no-repeat;-webkit-background-size:cover;-moz-background-size:cover;-o-background-size:cover;background-size:cover;background-color:rgba(244,242,242,0);padding: 35px 0px 0px 0px;\"><style type=\"text\/css\"><\/style><div class=\"fusion-title title fusion-title-1 fusion-sep-none fusion-title-text fusion-title-size-one\" style=\"margin-top:0px;margin-right:0px;margin-bottom:31px;margin-left:0px;\"><h1 class=\"title-heading-left\" style=\"margin:0;\"><strong>Publicit\u00e9s t\u00e9l\u00e9vis\u00e9es et radiophoniques<\/strong><\/h1><\/div><style type=\"text\/css\"><\/style><div class=\"fusion-title title fusion-title-2 fusion-sep-none fusion-title-text fusion-title-size-three\" style=\"margin-top:0px;margin-right:0px;margin-bottom:31px;margin-left:0px;\"><h3 class=\"title-heading-left\" style=\"margin:0;\"><strong>Un talent vocal pour la radio et la t\u00e9l\u00e9vision<\/strong><\/h3><\/div><div class=\"fusion-clearfix\"><\/div><\/div><\/div><\/div><div class=\"fusion-text fusion-text-1\"><p>Vous \u00eates \u00e0 la recherche d\u2019un artiste francophone pour enregistrer les voix hors champ de vos publicit\u00e9s \u00e0 la radio ou \u00e0 la t\u00e9l\u00e9vision? Ne cherchez plus!<\/p>\n<p>Non seulement Roxanne Jean est-elle la narratrice canadienne-fran\u00e7aise officielle pour le compte de marques nationales et internationales, mais elle est \u00e9galement :<\/p>\n<ul>\n<li>une voix exp\u00e9riment\u00e9e dans le domaine de la publicit\u00e9 en fran\u00e7ais \u00e0 l\u2019\u00e9chelle canadienne<\/li>\n<li>une narratrice qui ajoutera de la valeur \u00e0 votre campagne<\/li>\n<li>une professionnelle qui peut enregistrer des publicit\u00e9s exigeant des comp\u00e9tences d\u2019acteur<\/li>\n<li>une artiste vocale souple, cr\u00e9ative et polyvalente. Sa gamme de jeu comprend la promotion douce \u00ab soft sale \u00bb, la vente agressive \u00ab Hard sale \u00bb ainsi que les styles conversationnel, cr\u00e9dible, authentique, ludique, sensuel, amusant et \u00e9nergique. Elle peut jouer un vaste \u00e9ventail de r\u00f4les adultes ainsi que de nombreux personnages<\/li>\n<\/ul>\n<\/div><div class=\"fusion-clearfix\"><\/div><\/div><\/div><div class=\"fusion-layout-column fusion_builder_column fusion-builder-column-1 fusion_builder_column_1_3 1_3 fusion-one-third fusion-column-last\" style=\"width:33.333333333333%;width:calc(33.333333333333% - ( ( 4% ) * 0.33333333333333 ) );margin-top:0px;margin-bottom:20px;\"><div class=\"fusion-column-wrapper fusion-flex-column-wrapper-legacy\" style=\"background-position:left top;background-repeat:no-repeat;-webkit-background-size:cover;-moz-background-size:cover;-o-background-size:cover;background-size:cover;padding: 25px 0px 0px 0px;\"><div class=\"fusion-column-content-centered\"><div class=\"fusion-column-content\"><div class=\"fusion-text fusion-text-2\"><p><script type=\"text\/javascript\"> \/\/<!&#091;CDATA&#091;\n    <!--Enter your account ID. You can find this under the Menu item: Help | About -->\n        var ACCOUNT_ID = '1a9e1698-ac90-4c4a-988f-63f83e2351cb';\n    <!--Enter the title of this page. Clicks will appear in your Zamtistics -->\n        var PAGE_NAME = 'Demos page for Roxanne Jean';\n    <!--NOTE: value can be either 'inline' OR 'popup'-->\n        var RENDER_MODE = 'inline';\n    <!--Enter a Demo ID for the default demo to display when the player launches -->\n    <!--NOTE: Demo ID's can be by found in the Showcase by clicking the -->\n    <!--gear icon for a specific Demo-->\n        var DEFAULT_DEMO = 6300 ; <!-- Demo Category Commercial ; -->\n    <!--Handle AutoPlay On PageLoad -->\n        var AUTO_PLAY = false;\n    <!--Option to show contacts button in player -->\n        var SHOW_CONTACTS = true;\n        jQuery('body').on('click','.listendemo', function(){\n                 var id = parseInt(jQuery(this).attr(\"id\").replace('vzbutton_',''));\n                 listenDemo(id , true)\n    });\n    \/\/ &#093;&#093;><\/script><\/p>\n<p><script src=\"\/\/www.voicezam.com\/clientScripts\/WebLinking2.aspx\"><\/script><\/p>\n<div id=\"voiceDemos\"><\/div>\n<p><!-- NOTE: THE <button> CODE LISTED BELOW IS OPTIONAL AND SHOWS HOW TO TRIGGER THE PLAYER TO PLAY A SPECIFIC DEMO FROM A BUTTON ON THE PAGE. PLEASE DELETE IF NOT USING BUTTONS TO TRIGGER THE PLAYER. To designate which demo will play when the button is clicked, change the \"listenDemo(demoID, autoplay)\" function parameters. NOTE: Demo ID's can be by found in the Showcase by clicking the gear icon for a specific Demo. autoplay may be 'true', or 'false --><\/p>\n<\/div><\/div><\/div><div class=\"fusion-clearfix\"><\/div><\/div><\/div><\/div><\/div><div class=\"fusion-fullwidth fullwidth-box fusion-builder-row-2 nonhundred-percent-fullwidth non-hundred-percent-height-scrolling\" style=\"background-color: rgba(255,255,255,0);background-position: center center;background-repeat: no-repeat;padding-top:0px;padding-right:0px;padding-bottom:0px;padding-left:0px;margin-bottom: 0px;margin-top: 0px;border-width: 0px 0px 0px 0px;border-color:#eae9e9;border-style:solid;\" ><div class=\"fusion-builder-row fusion-row\"><div class=\"fusion-layout-column fusion_builder_column fusion-builder-column-2 fusion_builder_column_1_1 1_1 fusion-one-full fusion-column-first fusion-column-last\" style=\"margin-top:0px;margin-bottom:20px;\"><div class=\"fusion-column-wrapper fusion-flex-column-wrapper-legacy\" style=\"background-position:left top;background-repeat:no-repeat;-webkit-background-size:cover;-moz-background-size:cover;-o-background-size:cover;background-size:cover;padding: 0px 0px 0px 0px;\"><div class=\"fusion-text fusion-text-3\"><blockquote>\n<p>Roxanne a \u00e9t\u00e9 la voix de : <strong>Maybelline New York, Cisco, Royale Facial, Loto-Qu\u00e9bec, RBC, Nicorette, Bell On Demand, Sunwing, Panasonic, Cin\u00e9plex, Vacances Signature, Harley Davidson, RDS, Soothing Naturals, LiveActive, Claritin, Hertel, Cog\u00e9co, Old El Paso, Virginia Beach, Staples<\/strong> et plusieurs autres.<\/p>\n<\/blockquote>\n<h2><strong>Profil de l\u2019artiste : la naissance de la carri\u00e8re vocale de Roxanne<\/strong><\/h2>\n<p>La carri\u00e8re vocale de Roxanne a commenc\u00e9 alors qu\u2019elle travaillait pour le service de la circulation de CKLM dans sa ville natale de Laval, au Qu\u00e9bec, il y a plus de 25 ans. Moins de 48 heures apr\u00e8s avoir obtenu l\u2019emploi, elle a commenc\u00e9 \u00e0 enregistrer des publicit\u00e9s! Impatiente de plonger dans l\u2019action, la nouvelle dipl\u00f4m\u00e9e du CFTR (Coll\u00e8ge de formation en t\u00e9l\u00e9vision et radio) a montr\u00e9 \u00e0 son patron ce dont elle \u00e9tait capable. \u00c0 l\u2019\u00e9poque, peu de femmes enregistraient des publicit\u00e9s \u00e0 la station. Roxanne en a enregistr\u00e9 plusieurs centaines au cours des cinq ann\u00e9es qui suivirent son embauche! Elle se souvient encore aujourd\u2019hui du jour o\u00f9 elle s\u2019est d\u00e9couvert une passion pour l\u2019art de la voix hors champ.<\/p>\n<blockquote>\n<p>\u201c\u00c0 ma premi\u00e8re audition, pour une annonce de parfum, j\u2019auditionnais en m\u00eame temps qu\u2019une grande actrice qu\u00e9b\u00e9coise. Je me suis dit : \u00ab\u00a0C\u2019est une excellente exp\u00e9rience, mais je n\u2019ai aucune chance d\u2019obtenir le r\u00f4le.\u00a0\u00bb Apr\u00e8s l\u2019audition, je me suis envol\u00e9e pour l\u2019Allemagne et d\u00e8s mon arriv\u00e9e, j\u2019ai appris que j\u2019avais obtenu le r\u00f4le! J\u2019ai tout de suite saut\u00e9 dans un avion en direction de Montr\u00e9al! Je suis arriv\u00e9e au studio, toujours v\u00eatue de ma tenue de voyage, sans m\u2019\u00eatre douch\u00e9e&#8230; Tout le contraire de ce qu\u2019il faut pour une \u00ab annonce de parfum \u00bb! Ce fut un tournant important dans ma carri\u00e8re, car cette audition m\u2019a amen\u00e9e \u00e0 devenir la voix de Maybelline New York. Avec du recul, l\u2019histoire semble incroyable! Mais j\u2019\u00e9tais avide de tout et la passion m\u2019animait!\u201d<br \/>\n\u2013 Roxanne Jean<\/p>\n<\/blockquote>\n<h2><strong>Entendez la diff\u00e9rence <\/strong><\/h2>\n<p>Roxanne enregistre dans un studio professionnel \u00e0 la pointe de la technologie :<\/p>\n<ul>\n<li>D\u00e9lai de production rapide garanti<\/li>\n<li>Livraison le jour m\u00eame<\/li>\n<li>Plusieurs formats propos\u00e9s (wav, mp3, etc.) ou session dirig\u00e9e avec Source Connect, ISDN, Skype.<\/li>\n<\/ul>\n<p>R\u00e9f\u00e9rence vocale au Qu\u00e9bec, Roxanne Jean est membre des associations <strong>UDA<\/strong>\u00a0et <strong>ACTRA<\/strong>.<\/p>\n<\/div><div class=\"fusion-clearfix\"><\/div><\/div><\/div><\/div><\/div><div class=\"fusion-fullwidth fullwidth-box fusion-builder-row-3 nonhundred-percent-fullwidth non-hundred-percent-height-scrolling fusion-equal-height-columns\" style=\"background-color: #f4f2f2;background-position: center center;background-repeat: no-repeat;padding-top:60px;padding-right:0px;padding-bottom:60px;padding-left:0px;margin-top: 0px;border-width: 0px 0px 0px 0px;border-color:#eae9e9;border-style:solid;\" ><div class=\"fusion-builder-row fusion-row\"><div class=\"fusion-layout-column fusion_builder_column fusion-builder-column-3 fusion_builder_column_1_1 1_1 fusion-one-full fusion-column-first fusion-column-last\" style=\"margin-top:0px;margin-bottom:0px;\"><div class=\"fusion-column-wrapper fusion-flex-column-wrapper-legacy\" style=\"background-position:left top;background-repeat:no-repeat;-webkit-background-size:cover;-moz-background-size:cover;-o-background-size:cover;background-size:cover;padding: 0px 0px 0px 0px;\"><div class=\"fusion-column-content-centered\"><div class=\"fusion-column-content\"><div class=\"fusion-builder-row fusion-builder-row-inner fusion-row\"><div class=\"fusion-layout-column fusion_builder_column_inner fusion-builder-nested-column-1 fusion_builder_column_inner_4_5 4_5 fusion-four-fifth fusion-column-first\" style=\"width:80%;width:calc(80% - ( ( 4% ) * 0.8 ) );margin-right: 4%;margin-top:0px;margin-bottom:0px;\"><div class=\"fusion-column-wrapper fusion-flex-column-wrapper-legacy\" style=\"background-position:left top;background-repeat:no-repeat;-webkit-background-size:cover;-moz-background-size:cover;-o-background-size:cover;background-size:cover;padding: 0px 0px 0px 0px;\"><div class=\"fusion-column-content-centered\"><div class=\"fusion-column-content\"><style type='text\/css'>.reading-box-container-1 .element-bottomshadow:before,.reading-box-container-1 .element-bottomshadow:after{opacity:0.7;}<\/style><div class=\"fusion-reading-box-container reading-box-container-1\" style=\"margin-top:0px;margin-bottom:0px;\"><div class=\"reading-box\" style=\"background-color:rgba(246,246,246,0);border-width:1px;border-color:#f6f6f6;border-left-width:3px;border-left-color:var(--primary_color);border-style:solid;\"><h2>Vous avez un message \u00e0 livrer \u00e0 un public francophone?<\/h2><div class=\"reading-box-description fusion-reading-box-additional\">Si vous avez besoin d'un talent vocal hors pair pour promouvoir votre entreprise et votre marque aupr\u00e8s du public francophone, vous pouvez compter sur la r\u00e9putation et l'expertise de Roxanne pour transmettre le bon message et redorer la signature vocale de votre marque.<\/div><div class=\"fusion-clearfix\"><\/div><\/div><\/div><\/div><\/div><div class=\"fusion-clearfix\"><\/div><\/div><\/div><div class=\"fusion-layout-column fusion_builder_column_inner fusion-builder-nested-column-2 fusion_builder_column_inner_1_5 1_5 fusion-one-fifth fusion-column-last fusion-column-inner-bg-wrapper\" style=\"width:20%;width:calc(20% - ( ( 4% ) * 0.2 ) );margin-top:0px;margin-bottom:0px;\"><div class=\"fusion-column-wrapper fusion-flex-column-wrapper-legacy\" style=\"padding: 0px 0px 0px 0px;\"><div class=\"fusion-column-content-centered\"><div class=\"fusion-column-content\"><div class=\"fusion-aligncenter\"><style>.fusion-button.button-1{border-color:#ffffff;border-radius:2px 2px 2px 2px;background:#ee2a7b;background-image:linear-gradient(180deg,#ee2a7b 0%,#d7006d 100%);}.fusion-button.button-1 .fusion-button-text,.fusion-button.button-1 i,.fusion-button.button-1:hover .fusion-button-text,.fusion-button.button-1:hover i,.fusion-button.button-1:focus .fusion-button-text,.fusion-button.button-1:focus i,.fusion-button.button-1:active .fusion-button-text,.fusion-button.button-1:active i{color:#ffffff;}.fusion-button.button-1:hover,.fusion-button.button-1:active,.fusion-button.button-1:focus{border-color:#ffffff;background:#d7006d;background-image:linear-gradient(180deg,#d7006d 0%,#ee2a7b 100%);}<\/style><a class=\"fusion-button button-flat button-xlarge button-custom button-1 fusion-button-default-span fusion-button-default-type\" target=\"_self\" href=\"http:\/\/roxannejean.com\/fr\/contact\/\"><span class=\"fusion-button-text\">R\u00c9SERVER MAINTENANT<\/span><\/a><\/div><\/div><\/div><div class=\"fusion-clearfix\"><\/div><\/div><span class=\"fusion-column-inner-bg hover-type-none\"><a class=\"fusion-column-anchor\" href=\"http:\/\/roxannejean.com\/fr\/contact\/\"><span class=\"fusion-column-inner-bg-image\" style=\"background-position:left top;background-repeat:no-repeat;-webkit-background-size:cover;-moz-background-size:cover;-o-background-size:cover;background-size:cover;\"><\/span><\/a><\/span><\/div><\/div><\/div><\/div><div class=\"fusion-clearfix\"><\/div><\/div><\/div><\/div><\/div><\/p>\n<p>If you&rsquo;re having difficulty in writing your essay as part of a school assignment Consider getting help from an Essay writing assistance service. There are many benefits of using this service, such as guaranteed high-quality and non-plagiarized content. <a href=\"https:\/\/online-essays.org\">Buy essay online to get a high-quality paper you need<\/a> Essay writing service has a wide range of guarantees to ensure your satisfaction, in addition to the possibility to inquire about the process and express your personal preference.<\/p>\n","protected":false},"excerpt":{"rendered":"<p>If you&rsquo;re having difficulty in writing your essay as part of a school assignment Consider getting help from an Essay writing assistance service. There are many benefits of using this service, such as guaranteed high-quality and non-plagiarized content. Buy essay online to get a high-quality paper you need Essay writing service has a wide range [&hellip;]<\/p>\n","protected":false},"author":1,"featured_media":0,"parent":0,"menu_order":0,"comment_status":"closed","ping_status":"closed","template":"100-width.php","meta":[],"yoast_head":"<!-- This site is optimized with the Yoast SEO plugin v20.1 - https:\/\/yoast.com\/wordpress\/plugins\/seo\/ -->\n<title>Publicit\u00e9s t\u00e9l\u00e9vis\u00e9es et radiophoniques | Roxanne Jean<\/title>\n<meta name=\"robots\" content=\"index, follow, max-snippet:-1, max-image-preview:large, max-video-preview:-1\" \/>\n<link rel=\"canonical\" href=\"https:\/\/roxannejean.com\/fr\/publicites-televisees-et-radiophoniques\/\" \/>\n<meta property=\"og:locale\" content=\"fr_FR\" \/>\n<meta property=\"og:type\" content=\"article\" \/>\n<meta property=\"og:title\" content=\"Publicit\u00e9s t\u00e9l\u00e9vis\u00e9es et radiophoniques | Roxanne Jean\" \/>\n<meta property=\"og:description\" content=\"If you&rsquo;re having difficulty in writing your essay as part of a school assignment Consider getting help from an Essay writing assistance service. There are many benefits of using this service, such as guaranteed high-quality and non-plagiarized content. Buy essay online to get a high-quality paper you need Essay writing service has a wide range [&hellip;]\" \/>\n<meta property=\"og:url\" content=\"https:\/\/roxannejean.com\/fr\/publicites-televisees-et-radiophoniques\/\" \/>\n<meta property=\"og:site_name\" content=\"Roxanne Jean\" \/>\n<meta property=\"article:modified_time\" content=\"2022-10-17T11:46:51+00:00\" \/>\n<meta name=\"twitter:card\" content=\"summary_large_image\" \/>\n<meta name=\"twitter:label1\" content=\"Dur\u00e9e de lecture estim\u00e9e\" \/>\n\t<meta name=\"twitter:data1\" content=\"8 minutes\" \/>\n<script type=\"application\/ld+json\" class=\"yoast-schema-graph\">{\"@context\":\"https:\/\/schema.org\",\"@graph\":[{\"@type\":\"WebPage\",\"@id\":\"https:\/\/roxannejean.com\/fr\/publicites-televisees-et-radiophoniques\/\",\"url\":\"https:\/\/roxannejean.com\/fr\/publicites-televisees-et-radiophoniques\/\",\"name\":\"Publicit\u00e9s t\u00e9l\u00e9vis\u00e9es et radiophoniques | Roxanne Jean\",\"isPartOf\":{\"@id\":\"https:\/\/roxannejean.com\/#website\"},\"datePublished\":\"2017-07-04T20:49:43+00:00\",\"dateModified\":\"2022-10-17T11:46:51+00:00\",\"breadcrumb\":{\"@id\":\"https:\/\/roxannejean.com\/fr\/publicites-televisees-et-radiophoniques\/#breadcrumb\"},\"inLanguage\":\"fr-FR\",\"potentialAction\":[{\"@type\":\"ReadAction\",\"target\":[\"https:\/\/roxannejean.com\/fr\/publicites-televisees-et-radiophoniques\/\"]}]},{\"@type\":\"BreadcrumbList\",\"@id\":\"https:\/\/roxannejean.com\/fr\/publicites-televisees-et-radiophoniques\/#breadcrumb\",\"itemListElement\":[{\"@type\":\"ListItem\",\"position\":1,\"name\":\"Home\",\"item\":\"https:\/\/roxannejean.com\/fr\/\"},{\"@type\":\"ListItem\",\"position\":2,\"name\":\"Publicit\u00e9s t\u00e9l\u00e9vis\u00e9es et radiophoniques\"}]},{\"@type\":\"WebSite\",\"@id\":\"https:\/\/roxannejean.com\/#website\",\"url\":\"https:\/\/roxannejean.com\/\",\"name\":\"Roxanne Jean\",\"description\":\"Stellar French Canadian Voice-Over Talent\",\"potentialAction\":[{\"@type\":\"SearchAction\",\"target\":{\"@type\":\"EntryPoint\",\"urlTemplate\":\"https:\/\/roxannejean.com\/?s={search_term_string}\"},\"query-input\":\"required name=search_term_string\"}],\"inLanguage\":\"fr-FR\"}]}<\/script>\n<!-- \/ Yoast SEO plugin. -->","yoast_head_json":{"title":"Publicit\u00e9s t\u00e9l\u00e9vis\u00e9es et radiophoniques | Roxanne Jean","robots":{"index":"index","follow":"follow","max-snippet":"max-snippet:-1","max-image-preview":"max-image-preview:large","max-video-preview":"max-video-preview:-1"},"canonical":"https:\/\/roxannejean.com\/fr\/publicites-televisees-et-radiophoniques\/","og_locale":"fr_FR","og_type":"article","og_title":"Publicit\u00e9s t\u00e9l\u00e9vis\u00e9es et radiophoniques | Roxanne Jean","og_description":"If you&rsquo;re having difficulty in writing your essay as part of a school assignment Consider getting help from an Essay writing assistance service. There are many benefits of using this service, such as guaranteed high-quality and non-plagiarized content. Buy essay online to get a high-quality paper you need Essay writing service has a wide range [&hellip;]","og_url":"https:\/\/roxannejean.com\/fr\/publicites-televisees-et-radiophoniques\/","og_site_name":"Roxanne Jean","article_modified_time":"2022-10-17T11:46:51+00:00","twitter_card":"summary_large_image","twitter_misc":{"Dur\u00e9e de lecture estim\u00e9e":"8 minutes"},"schema":{"@context":"https:\/\/schema.org","@graph":[{"@type":"WebPage","@id":"https:\/\/roxannejean.com\/fr\/publicites-televisees-et-radiophoniques\/","url":"https:\/\/roxannejean.com\/fr\/publicites-televisees-et-radiophoniques\/","name":"Publicit\u00e9s t\u00e9l\u00e9vis\u00e9es et radiophoniques | Roxanne Jean","isPartOf":{"@id":"https:\/\/roxannejean.com\/#website"},"datePublished":"2017-07-04T20:49:43+00:00","dateModified":"2022-10-17T11:46:51+00:00","breadcrumb":{"@id":"https:\/\/roxannejean.com\/fr\/publicites-televisees-et-radiophoniques\/#breadcrumb"},"inLanguage":"fr-FR","potentialAction":[{"@type":"ReadAction","target":["https:\/\/roxannejean.com\/fr\/publicites-televisees-et-radiophoniques\/"]}]},{"@type":"BreadcrumbList","@id":"https:\/\/roxannejean.com\/fr\/publicites-televisees-et-radiophoniques\/#breadcrumb","itemListElement":[{"@type":"ListItem","position":1,"name":"Home","item":"https:\/\/roxannejean.com\/fr\/"},{"@type":"ListItem","position":2,"name":"Publicit\u00e9s t\u00e9l\u00e9vis\u00e9es et radiophoniques"}]},{"@type":"WebSite","@id":"https:\/\/roxannejean.com\/#website","url":"https:\/\/roxannejean.com\/","name":"Roxanne Jean","description":"Stellar French Canadian Voice-Over Talent","potentialAction":[{"@type":"SearchAction","target":{"@type":"EntryPoint","urlTemplate":"https:\/\/roxannejean.com\/?s={search_term_string}"},"query-input":"required name=search_term_string"}],"inLanguage":"fr-FR"}]}},"_links":{"self":[{"href":"https:\/\/roxannejean.com\/fr\/wp-json\/wp\/v2\/pages\/2013"}],"collection":[{"href":"https:\/\/roxannejean.com\/fr\/wp-json\/wp\/v2\/pages"}],"about":[{"href":"https:\/\/roxannejean.com\/fr\/wp-json\/wp\/v2\/types\/page"}],"author":[{"embeddable":true,"href":"https:\/\/roxannejean.com\/fr\/wp-json\/wp\/v2\/users\/1"}],"replies":[{"embeddable":true,"href":"https:\/\/roxannejean.com\/fr\/wp-json\/wp\/v2\/comments?post=2013"}],"version-history":[{"count":0,"href":"https:\/\/roxannejean.com\/fr\/wp-json\/wp\/v2\/pages\/2013\/revisions"}],"wp:attachment":[{"href":"https:\/\/roxannejean.com\/fr\/wp-json\/wp\/v2\/media?parent=2013"}],"curies":[{"name":"wp","href":"https:\/\/api.w.org\/{rel}","templated":true}]}}