{"id":2001,"date":"2017-07-04T16:23:55","date_gmt":"2017-07-04T20:23:55","guid":{"rendered":"http:\/\/roxannejean.com\/jouets-jeux-et-applications-mobiles\/"},"modified":"2022-10-17T08:40:40","modified_gmt":"2022-10-17T12:40:40","slug":"jouets-jeux-et-applications-mobiles","status":"publish","type":"page","link":"https:\/\/roxannejean.com\/fr\/jouets-jeux-et-applications-mobiles\/","title":{"rendered":"Jouets, jeux et applications mobiles"},"content":{"rendered":"<p><div class=\"fusion-fullwidth fullwidth-box fusion-builder-row-1 nonhundred-percent-fullwidth non-hundred-percent-height-scrolling\" style=\"background-color: rgba(255,255,255,0);background-position: center center;background-repeat: no-repeat;padding-top:0px;padding-right:0px;padding-bottom:0px;padding-left:0px;margin-bottom: 0px;margin-top: 0px;border-width: 0px 0px 0px 0px;border-color:#eae9e9;border-style:solid;\" ><div class=\"fusion-builder-row fusion-row\"><div class=\"fusion-layout-column fusion_builder_column fusion-builder-column-0 fusion_builder_column_2_3 2_3 fusion-two-third fusion-column-first\" style=\"width:66.666666666667%;width:calc(66.666666666667% - ( ( 4% ) * 0.66666666666667 ) );margin-right: 4%;margin-top:0px;margin-bottom:20px;\"><div class=\"fusion-column-wrapper fusion-flex-column-wrapper-legacy\" style=\"background-position:left top;background-repeat:no-repeat;-webkit-background-size:cover;-moz-background-size:cover;-o-background-size:cover;background-size:cover;padding: 0px 0px 0px 0px;\"><div class=\"fusion-builder-row fusion-builder-row-inner fusion-row\"><div class=\"fusion-layout-column fusion_builder_column_inner fusion-builder-nested-column-0 fusion_builder_column_inner_1_1 1_1 fusion-one-full fusion-column-first fusion-column-last\" style=\"margin-top:35px;margin-bottom:0px;\"><div class=\"fusion-column-wrapper fusion-flex-column-wrapper-legacy\" style=\"background-position:left top;background-repeat:no-repeat;-webkit-background-size:cover;-moz-background-size:cover;-o-background-size:cover;background-size:cover;background-color:rgba(244,242,242,0);padding: 35px 0px 0px 0px;\"><style type=\"text\/css\"><\/style><div class=\"fusion-title title fusion-title-1 fusion-sep-none fusion-title-text fusion-title-size-one\" style=\"margin-top:0px;margin-right:0px;margin-bottom:31px;margin-left:0px;\"><h1 class=\"title-heading-left\" style=\"margin:0;\"><strong>Jouets, jeux et applications mobiles<\/strong><\/h1><\/div><style type=\"text\/css\"><\/style><div class=\"fusion-title title fusion-title-2 fusion-sep-none fusion-title-text fusion-title-size-three\" style=\"margin-top:0px;margin-right:0px;margin-bottom:31px;margin-left:0px;\"><h3 class=\"title-heading-left\" style=\"margin:0;\"><strong>Avec le bon artiste vocal, tout le monde y croit!<\/strong><\/h3><\/div><div class=\"fusion-clearfix\"><\/div><\/div><\/div><\/div><div class=\"fusion-text fusion-text-1\"><p>Les jouets, les jeux et les applications mobiles nous ram\u00e8nent \u00e0 l\u2019enfance. Et c\u2019est ce sur quoi Roxanne s\u2019appuie quand elle met ses comp\u00e9tences d\u2019actrice au service de ce domaine. <\/p>\n<p>Un acteur professionnel utilisera un style vocal unique et une dose surprenante d\u2019impulsion cr\u00e9ative pour animer les jouets, les jeux et les applications mobiles. C\u2019est pourquoi Roxanne, qui est passionn\u00e9e de cette industrie, est votre r\u00e9f\u00e9rence vocale au Qu\u00e9bec! Elle a tout ce qu\u2019il faut pour donner vie \u00e0 vos jeux et jouets destin\u00e9s au march\u00e9 francophone.<\/p>\n<\/div><style type='text\/css'>.reading-box-container-1 .element-bottomshadow:before,.reading-box-container-1 .element-bottomshadow:after{opacity:0.7;}<\/style><div class=\"fusion-reading-box-container reading-box-container-1\" style=\"margin-top:0px;margin-bottom:0px;\"><div class=\"reading-box element-bottomshadow\" style=\"background-color:#f4f4f4;border-width:4px;border-color:#ffffff;border-left-width:4px;border-left-color:var(--primary_color);border-style:solid;\"><div class=\"reading-box-additional\">\u201cQuand je travaille sur des jeux et des applications mobiles, je me revois \u00e0 l\u2019\u00e2ge d\u2019environ douze ans. Apr\u00e8s l\u2019\u00e9cole, j\u2019avais l\u2019habitude de regarder Les Pierrafeu, Woody le Pic, Scooby-Doo ou toute autre s\u00e9rie anim\u00e9e. J\u2019\u00e9tais riv\u00e9e au petit \u00e9cran, compl\u00e8tement captiv\u00e9e! J\u2019\u00e9teignais le son et j\u2019essayais d\u2019imiter les voix le plus fid\u00e8lement possible. Ma m\u00e8re, ma premi\u00e8re et ma plus grande admiratrice, me trouvait dou\u00e9e! Je me donnais comme objectif de ma\u00eetriser une voix et je m\u2019exer\u00e7ais jusqu\u2019\u00e0 ce qu\u2019elle soit parfaite. J\u2019ai pass\u00e9 une grande partie de mon enfance \u00e0 faire cela. Je m\u2019amusais tellement \u00e0 cette \u00e9poque. C\u2019\u00e9tait tout \u00e0 fait normal et habituel, pour moi.\u201d <br \/>\u2013 Roxanne Jean<\/div><div class=\"fusion-clearfix\"><\/div><\/div><\/div><div class=\"fusion-clearfix\"><\/div><\/div><\/div><div class=\"fusion-layout-column fusion_builder_column fusion-builder-column-1 fusion_builder_column_1_3 1_3 fusion-one-third fusion-column-last\" style=\"width:33.333333333333%;width:calc(33.333333333333% - ( ( 4% ) * 0.33333333333333 ) );margin-top:0px;margin-bottom:20px;\"><div class=\"fusion-column-wrapper fusion-flex-column-wrapper-legacy\" style=\"background-position:left top;background-repeat:no-repeat;-webkit-background-size:cover;-moz-background-size:cover;-o-background-size:cover;background-size:cover;padding: 25px 0px 0px 0px;\"><div class=\"fusion-column-content-centered\"><div class=\"fusion-column-content\"><div class=\"fusion-sep-clear\"><\/div><div class=\"fusion-separator fusion-no-small-visibility fusion-full-width-sep\" style=\"margin-left: auto;margin-right: auto;margin-bottom:125px;width:100%;\"><\/div><div class=\"fusion-sep-clear\"><\/div><div class=\"fusion-text fusion-text-2\"><p><script type=\"text\/javascript\"> \/\/<!&#091;CDATA&#091;\n    <!--Enter your account ID. You can find this under the Menu item: Help | About -->\n        var ACCOUNT_ID = '1a9e1698-ac90-4c4a-988f-63f83e2351cb';\n    <!--Enter the title of this page. Clicks will appear in your Zamtistics -->\n        var PAGE_NAME = 'Demos page for Roxanne Jean';\n    <!--NOTE: value can be either 'inline' OR 'popup'-->\n        var RENDER_MODE = 'inline';\n    <!--Enter a Demo ID for the default demo to display when the player launches -->\n    <!--NOTE: Demo ID's can be by found in the Showcase by clicking the -->\n    <!--gear icon for a specific Demo-->\n        var DEFAULT_DEMO = 6312 ; <!-- Demo Category Animation ; -->\n    <!--Handle AutoPlay On PageLoad -->\n        var AUTO_PLAY = false;\n    <!--Option to show contacts button in player -->\n        var SHOW_CONTACTS = true;\n        jQuery('body').on('click','.listendemo', function(){\n                 var id = parseInt(jQuery(this).attr(\"id\").replace('vzbutton_',''));\n                 listenDemo(id , true)\n    });\n    \/\/ &#093;&#093;><\/script><\/p>\n<p><script src=\"\/\/www.voicezam.com\/clientScripts\/WebLinking2.aspx\"><\/script><\/p>\n<div id=\"voiceDemos\"><\/div>\n<p><!-- NOTE: THE <button> CODE LISTED BELOW IS OPTIONAL AND SHOWS HOW TO TRIGGER THE PLAYER TO PLAY A SPECIFIC DEMO FROM A BUTTON ON THE PAGE. PLEASE DELETE IF NOT USING BUTTONS TO TRIGGER THE PLAYER. To designate which demo will play when the button is clicked, change the \"listenDemo(demoID, autoplay)\" function parameters. NOTE: Demo ID's can be by found in the Showcase by clicking the gear icon for a specific Demo. autoplay may be 'true', or 'false --><\/p>\n<\/div><\/div><\/div><div class=\"fusion-clearfix\"><\/div><\/div><\/div><\/div><\/div><div class=\"fusion-fullwidth fullwidth-box fusion-builder-row-2 nonhundred-percent-fullwidth non-hundred-percent-height-scrolling\" style=\"background-color: rgba(226,226,226,0);background-position: center center;background-repeat: no-repeat;padding-top:0px;padding-right:0px;padding-bottom:0px;padding-left:0px;margin-bottom: 0px;margin-top: 0px;border-width: 0px 0px 0px 0px;border-color:#eae9e9;border-style:solid;\" ><div class=\"fusion-builder-row fusion-row\"><div class=\"fusion-layout-column fusion_builder_column fusion-builder-column-2 fusion_builder_column_1_1 1_1 fusion-one-full fusion-column-first fusion-column-last\" style=\"margin-top:0px;margin-bottom:20px;\"><div class=\"fusion-column-wrapper fusion-flex-column-wrapper-legacy\" style=\"background-position:left top;background-repeat:no-repeat;-webkit-background-size:cover;-moz-background-size:cover;-o-background-size:cover;background-size:cover;padding: 15px 0px 0px 0px;\"><style type=\"text\/css\"><\/style><div class=\"fusion-title title fusion-title-3 fusion-sep-none fusion-title-text fusion-title-size-one\" style=\"margin-top:0px;margin-right:0px;margin-bottom:31px;margin-left:0px;\"><h1 class=\"title-heading-left\" style=\"margin:0;\"><h1><strong>Cr\u00e9er une exp\u00e9rience interactive ou cin\u00e9matographique cr\u00e9dible<\/strong><\/h1><\/h1><\/div><div class=\"fusion-text fusion-text-3\"><p>Produits tr\u00e8s complexes, les jouets, les jeux et les applications mobiles sont pratiquement des \u0153uvres d\u2019art. Les jeux vid\u00e9o, par exemple, comprennent de la musique orchestrale, des intrigues bien ficel\u00e9es et des effets visuels impressionnants. Ainsi, une voix hors champ de grande qualit\u00e9 est intrins\u00e8quement li\u00e9e \u00e0 leur valeur interactive et \u00e0 leur pouvoir de s\u00e9duction! Puisque l\u2019artiste ne dispose que de quelques lignes de texte isol\u00e9es, l\u2019ajout de voix hors champ est souvent difficile et un artiste vocal professionnel fera la diff\u00e9rence en cr\u00e9ant des personnages incarn\u00e9s de mani\u00e8re convaincante et en offrant une narration adapt\u00e9e au contexte pour maintenir l\u2019int\u00e9r\u00eat des petits et grands! <\/p>\n<p>Aventurez-vous hors des sentiers battus et optez pour une voix f\u00e9minine en fran\u00e7ais canadien comme voix hors champ pour votre jeu. Ou n\u2019h\u00e9sitez pas \u00e0 passer en revue <a href=\"\/?page_id=264\"> l\u2019\u00e9quipe talentueuse de voix canadiennes-fran\u00e7aises de Roxanne<\/a> . Vous trouverez assur\u00e9ment une voix qui r\u00e9pond \u00e0 vos besoins!<\/p>\n<\/div><div class=\"fusion-clearfix\"><\/div><\/div><\/div><\/div><\/div><div class=\"fusion-fullwidth fullwidth-box fusion-builder-row-3 nonhundred-percent-fullwidth non-hundred-percent-height-scrolling fusion-equal-height-columns\" style=\"background-color: #f4f2f2;background-position: center center;background-repeat: no-repeat;padding-top:60px;padding-right:0px;padding-bottom:60px;padding-left:0px;margin-top: 0px;border-width: 0px 0px 0px 0px;border-color:#eae9e9;border-style:solid;\" ><div class=\"fusion-builder-row fusion-row\"><div class=\"fusion-layout-column fusion_builder_column fusion-builder-column-3 fusion_builder_column_1_1 1_1 fusion-one-full fusion-column-first fusion-column-last\" style=\"margin-top:0px;margin-bottom:0px;\"><div class=\"fusion-column-wrapper fusion-flex-column-wrapper-legacy\" style=\"background-position:left top;background-repeat:no-repeat;-webkit-background-size:cover;-moz-background-size:cover;-o-background-size:cover;background-size:cover;padding: 0px 0px 0px 0px;\"><div class=\"fusion-column-content-centered\"><div class=\"fusion-column-content\"><div class=\"fusion-builder-row fusion-builder-row-inner fusion-row\"><div class=\"fusion-layout-column fusion_builder_column_inner fusion-builder-nested-column-1 fusion_builder_column_inner_4_5 4_5 fusion-four-fifth fusion-column-first\" style=\"width:80%;width:calc(80% - ( ( 4% ) * 0.8 ) );margin-right: 4%;margin-top:0px;margin-bottom:0px;\"><div class=\"fusion-column-wrapper fusion-flex-column-wrapper-legacy\" style=\"background-position:left top;background-repeat:no-repeat;-webkit-background-size:cover;-moz-background-size:cover;-o-background-size:cover;background-size:cover;padding: 0px 0px 0px 0px;\"><div class=\"fusion-column-content-centered\"><div class=\"fusion-column-content\"><style type='text\/css'>.reading-box-container-2 .element-bottomshadow:before,.reading-box-container-2 .element-bottomshadow:after{opacity:0.7;}<\/style><div class=\"fusion-reading-box-container reading-box-container-2\" style=\"margin-top:0px;margin-bottom:0px;\"><div class=\"reading-box\" style=\"background-color:rgba(246,246,246,0);border-width:1px;border-color:#f6f6f6;border-left-width:3px;border-left-color:var(--primary_color);border-style:solid;\"><h2>Vous avez un message \u00e0 livrer \u00e0 un public francophone?<\/h2><div class=\"reading-box-description fusion-reading-box-additional\">Si vous avez besoin d'un talent vocal hors pair pour promouvoir votre entreprise et votre marque aupr\u00e8s du public francophone, vous pouvez compter sur la r\u00e9putation et l'expertise de Roxanne pour transmettre le bon message et redorer la signature vocale de votre marque.<\/div><div class=\"fusion-clearfix\"><\/div><\/div><\/div><\/div><\/div><div class=\"fusion-clearfix\"><\/div><\/div><\/div><div class=\"fusion-layout-column fusion_builder_column_inner fusion-builder-nested-column-2 fusion_builder_column_inner_1_5 1_5 fusion-one-fifth fusion-column-last fusion-column-inner-bg-wrapper\" style=\"width:20%;width:calc(20% - ( ( 4% ) * 0.2 ) );margin-top:0px;margin-bottom:0px;\"><div class=\"fusion-column-wrapper fusion-flex-column-wrapper-legacy\" style=\"padding: 0px 0px 0px 0px;\"><div class=\"fusion-column-content-centered\"><div class=\"fusion-column-content\"><div class=\"fusion-aligncenter\"><style>.fusion-button.button-1{border-color:#ffffff;border-radius:2px 2px 2px 2px;background:#ee2a7b;background-image:linear-gradient(180deg,#ee2a7b 0%,#d7006d 100%);}.fusion-button.button-1 .fusion-button-text,.fusion-button.button-1 i,.fusion-button.button-1:hover .fusion-button-text,.fusion-button.button-1:hover i,.fusion-button.button-1:focus .fusion-button-text,.fusion-button.button-1:focus i,.fusion-button.button-1:active .fusion-button-text,.fusion-button.button-1:active i{color:#ffffff;}.fusion-button.button-1:hover,.fusion-button.button-1:active,.fusion-button.button-1:focus{border-color:#ffffff;background:#d7006d;background-image:linear-gradient(180deg,#d7006d 0%,#ee2a7b 100%);}<\/style><a class=\"fusion-button button-flat button-xlarge button-custom button-1 fusion-button-default-span fusion-button-default-type\" target=\"_self\" href=\"http:\/\/roxannejean.com\/fr\/contact\/\"><span class=\"fusion-button-text\">R\u00c9SERVER MAINTENANT<\/span><\/a><\/div><\/div><\/div><div class=\"fusion-clearfix\"><\/div><\/div><span class=\"fusion-column-inner-bg hover-type-none\"><a class=\"fusion-column-anchor\" href=\"http:\/\/roxannejean.com\/contact\/\"><span class=\"fusion-column-inner-bg-image\" style=\"background-position:left top;background-repeat:no-repeat;-webkit-background-size:cover;-moz-background-size:cover;-o-background-size:cover;background-size:cover;\"><\/span><\/a><\/span><\/div><\/div><\/div><\/div><div class=\"fusion-clearfix\"><\/div><\/div><\/div><\/div><\/div><\/p>\n","protected":false},"excerpt":{"rendered":"","protected":false},"author":1,"featured_media":0,"parent":0,"menu_order":0,"comment_status":"closed","ping_status":"closed","template":"100-width.php","meta":[],"yoast_head":"<!-- This site is optimized with the Yoast SEO plugin v20.1 - https:\/\/yoast.com\/wordpress\/plugins\/seo\/ -->\n<title>Jouets, jeux et applications mobiles | Roxanne Jean<\/title>\n<meta name=\"robots\" content=\"index, follow, max-snippet:-1, max-image-preview:large, max-video-preview:-1\" \/>\n<link rel=\"canonical\" href=\"https:\/\/roxannejean.com\/fr\/jouets-jeux-et-applications-mobiles\/\" \/>\n<meta property=\"og:locale\" content=\"fr_FR\" \/>\n<meta property=\"og:type\" content=\"article\" \/>\n<meta property=\"og:title\" content=\"Jouets, jeux et applications mobiles | Roxanne Jean\" \/>\n<meta property=\"og:url\" content=\"https:\/\/roxannejean.com\/fr\/jouets-jeux-et-applications-mobiles\/\" \/>\n<meta property=\"og:site_name\" content=\"Roxanne Jean\" \/>\n<meta property=\"article:modified_time\" content=\"2022-10-17T12:40:40+00:00\" \/>\n<meta name=\"twitter:card\" content=\"summary_large_image\" \/>\n<meta name=\"twitter:label1\" content=\"Dur\u00e9e de lecture estim\u00e9e\" \/>\n\t<meta name=\"twitter:data1\" content=\"8 minutes\" \/>\n<script type=\"application\/ld+json\" class=\"yoast-schema-graph\">{\"@context\":\"https:\/\/schema.org\",\"@graph\":[{\"@type\":\"WebPage\",\"@id\":\"https:\/\/roxannejean.com\/fr\/jouets-jeux-et-applications-mobiles\/\",\"url\":\"https:\/\/roxannejean.com\/fr\/jouets-jeux-et-applications-mobiles\/\",\"name\":\"Jouets, jeux et applications mobiles | Roxanne Jean\",\"isPartOf\":{\"@id\":\"https:\/\/roxannejean.com\/#website\"},\"datePublished\":\"2017-07-04T20:23:55+00:00\",\"dateModified\":\"2022-10-17T12:40:40+00:00\",\"breadcrumb\":{\"@id\":\"https:\/\/roxannejean.com\/fr\/jouets-jeux-et-applications-mobiles\/#breadcrumb\"},\"inLanguage\":\"fr-FR\",\"potentialAction\":[{\"@type\":\"ReadAction\",\"target\":[\"https:\/\/roxannejean.com\/fr\/jouets-jeux-et-applications-mobiles\/\"]}]},{\"@type\":\"BreadcrumbList\",\"@id\":\"https:\/\/roxannejean.com\/fr\/jouets-jeux-et-applications-mobiles\/#breadcrumb\",\"itemListElement\":[{\"@type\":\"ListItem\",\"position\":1,\"name\":\"Home\",\"item\":\"https:\/\/roxannejean.com\/fr\/\"},{\"@type\":\"ListItem\",\"position\":2,\"name\":\"Jouets, jeux et applications mobiles\"}]},{\"@type\":\"WebSite\",\"@id\":\"https:\/\/roxannejean.com\/#website\",\"url\":\"https:\/\/roxannejean.com\/\",\"name\":\"Roxanne Jean\",\"description\":\"Stellar French Canadian Voice-Over Talent\",\"potentialAction\":[{\"@type\":\"SearchAction\",\"target\":{\"@type\":\"EntryPoint\",\"urlTemplate\":\"https:\/\/roxannejean.com\/?s={search_term_string}\"},\"query-input\":\"required name=search_term_string\"}],\"inLanguage\":\"fr-FR\"}]}<\/script>\n<!-- \/ Yoast SEO plugin. -->","yoast_head_json":{"title":"Jouets, jeux et applications mobiles | Roxanne Jean","robots":{"index":"index","follow":"follow","max-snippet":"max-snippet:-1","max-image-preview":"max-image-preview:large","max-video-preview":"max-video-preview:-1"},"canonical":"https:\/\/roxannejean.com\/fr\/jouets-jeux-et-applications-mobiles\/","og_locale":"fr_FR","og_type":"article","og_title":"Jouets, jeux et applications mobiles | Roxanne Jean","og_url":"https:\/\/roxannejean.com\/fr\/jouets-jeux-et-applications-mobiles\/","og_site_name":"Roxanne Jean","article_modified_time":"2022-10-17T12:40:40+00:00","twitter_card":"summary_large_image","twitter_misc":{"Dur\u00e9e de lecture estim\u00e9e":"8 minutes"},"schema":{"@context":"https:\/\/schema.org","@graph":[{"@type":"WebPage","@id":"https:\/\/roxannejean.com\/fr\/jouets-jeux-et-applications-mobiles\/","url":"https:\/\/roxannejean.com\/fr\/jouets-jeux-et-applications-mobiles\/","name":"Jouets, jeux et applications mobiles | Roxanne Jean","isPartOf":{"@id":"https:\/\/roxannejean.com\/#website"},"datePublished":"2017-07-04T20:23:55+00:00","dateModified":"2022-10-17T12:40:40+00:00","breadcrumb":{"@id":"https:\/\/roxannejean.com\/fr\/jouets-jeux-et-applications-mobiles\/#breadcrumb"},"inLanguage":"fr-FR","potentialAction":[{"@type":"ReadAction","target":["https:\/\/roxannejean.com\/fr\/jouets-jeux-et-applications-mobiles\/"]}]},{"@type":"BreadcrumbList","@id":"https:\/\/roxannejean.com\/fr\/jouets-jeux-et-applications-mobiles\/#breadcrumb","itemListElement":[{"@type":"ListItem","position":1,"name":"Home","item":"https:\/\/roxannejean.com\/fr\/"},{"@type":"ListItem","position":2,"name":"Jouets, jeux et applications mobiles"}]},{"@type":"WebSite","@id":"https:\/\/roxannejean.com\/#website","url":"https:\/\/roxannejean.com\/","name":"Roxanne Jean","description":"Stellar French Canadian Voice-Over Talent","potentialAction":[{"@type":"SearchAction","target":{"@type":"EntryPoint","urlTemplate":"https:\/\/roxannejean.com\/?s={search_term_string}"},"query-input":"required name=search_term_string"}],"inLanguage":"fr-FR"}]}},"_links":{"self":[{"href":"https:\/\/roxannejean.com\/fr\/wp-json\/wp\/v2\/pages\/2001"}],"collection":[{"href":"https:\/\/roxannejean.com\/fr\/wp-json\/wp\/v2\/pages"}],"about":[{"href":"https:\/\/roxannejean.com\/fr\/wp-json\/wp\/v2\/types\/page"}],"author":[{"embeddable":true,"href":"https:\/\/roxannejean.com\/fr\/wp-json\/wp\/v2\/users\/1"}],"replies":[{"embeddable":true,"href":"https:\/\/roxannejean.com\/fr\/wp-json\/wp\/v2\/comments?post=2001"}],"version-history":[{"count":0,"href":"https:\/\/roxannejean.com\/fr\/wp-json\/wp\/v2\/pages\/2001\/revisions"}],"wp:attachment":[{"href":"https:\/\/roxannejean.com\/fr\/wp-json\/wp\/v2\/media?parent=2001"}],"curies":[{"name":"wp","href":"https:\/\/api.w.org\/{rel}","templated":true}]}}