{"id":1943,"date":"2017-07-04T11:44:00","date_gmt":"2017-07-04T15:44:00","guid":{"rendered":"http:\/\/roxannejean.com\/videos-explicatives\/"},"modified":"2017-07-04T11:44:58","modified_gmt":"2017-07-04T15:44:58","slug":"videos-explicatives","status":"publish","type":"page","link":"https:\/\/roxannejean.com\/fr\/videos-explicatives\/","title":{"rendered":"Vid\u00e9os explicatives"},"content":{"rendered":"<p><div class=\"fusion-fullwidth fullwidth-box fusion-builder-row-1 nonhundred-percent-fullwidth non-hundred-percent-height-scrolling\" style=\"background-color: rgba(255,255,255,0);background-position: center center;background-repeat: no-repeat;padding-top:0px;padding-right:0px;padding-bottom:0px;padding-left:0px;margin-bottom: 0px;margin-top: 0px;border-width: 0px 0px 0px 0px;border-color:#eae9e9;border-style:solid;\" ><div class=\"fusion-builder-row fusion-row\"><div class=\"fusion-layout-column fusion_builder_column fusion-builder-column-0 fusion_builder_column_2_3 2_3 fusion-two-third fusion-column-first\" style=\"width:66.666666666667%;width:calc(66.666666666667% - ( ( 4% ) * 0.66666666666667 ) );margin-right: 4%;margin-top:0px;margin-bottom:20px;\"><div class=\"fusion-column-wrapper fusion-flex-column-wrapper-legacy\" style=\"background-position:left top;background-repeat:no-repeat;-webkit-background-size:cover;-moz-background-size:cover;-o-background-size:cover;background-size:cover;padding: 0px 0px 0px 0px;\"><div class=\"fusion-builder-row fusion-builder-row-inner fusion-row\"><div class=\"fusion-layout-column fusion_builder_column_inner fusion-builder-nested-column-0 fusion_builder_column_inner_1_1 1_1 fusion-one-full fusion-column-first fusion-column-last\" style=\"margin-top:35px;margin-bottom:0px;\"><div class=\"fusion-column-wrapper fusion-flex-column-wrapper-legacy\" style=\"background-position:left top;background-repeat:no-repeat;-webkit-background-size:cover;-moz-background-size:cover;-o-background-size:cover;background-size:cover;background-color:rgba(244,242,242,0);padding: 35px 0px 0px 0px;\"><style type=\"text\/css\"><\/style><div class=\"fusion-title title fusion-title-1 fusion-sep-none fusion-title-text fusion-title-size-one\" style=\"margin-top:0px;margin-right:0px;margin-bottom:31px;margin-left:0px;\"><h1 class=\"title-heading-left\" style=\"margin:0;\"><strong>Voix hors champ de vid\u00e9os explicatives et de vid\u00e9os de pr\u00e9sentation<\/strong><\/h1><\/div><div class=\"fusion-text fusion-text-1\"><blockquote>\n<p>Les vid\u00e9os explicatives ont envahi le Web. L\u2019ingr\u00e9dient essentiel? La voix, bien s\u00fbr!<\/p>\n<\/blockquote>\n<\/div><style type=\"text\/css\"><\/style><div class=\"fusion-title title fusion-title-2 fusion-sep-none fusion-title-text fusion-title-size-three\" style=\"margin-top:0px;margin-right:0px;margin-bottom:31px;margin-left:0px;\"><h3 class=\"title-heading-left\" style=\"margin:0;\"><strong>Une voix digne de confiance et cr\u00e9dible pour pr\u00e9senter votre travail et vendre votre produit<\/strong><\/h3><\/div><div class=\"fusion-clearfix\"><\/div><\/div><\/div><\/div><div class=\"fusion-text fusion-text-2\"><p>En tant que narratrice francophone canadienne exp\u00e9riment\u00e9e, Roxanne collabore chaque jour avec diverses entreprises pour produire les voix hors champ de vid\u00e9os et d\u2019animations courtes et accrocheuses qui pr\u00e9sentent une entreprise, un site Web, un projet ou un produit. Elle poss\u00e8de donc le savoir-faire pour faire bondir vos mots \u00e0 l\u2019\u00e9cran.<\/p>\n<\/div><style type='text\/css'>.reading-box-container-1 .element-bottomshadow:before,.reading-box-container-1 .element-bottomshadow:after{opacity:0.7;}<\/style><div class=\"fusion-reading-box-container reading-box-container-1\" style=\"margin-top:0px;margin-bottom:0px;\"><div class=\"reading-box element-bottomshadow\" style=\"background-color:#f4f4f4;border-width:4px;border-color:#ffffff;border-left-width:4px;border-left-color:var(--primary_color);border-style:solid;\"><div class=\"reading-box-additional\">\u201cLes besoins de mes clients et leur marque me tiennent \u00e0 c\u0153ur. J\u2019arrive toujours \u00e0 bien utiliser ma voix pour faire ressortir les principaux atouts d\u2019une marque. Je peux aussi me tourner vers mes pr\u00e9cieuses voix professionnelles pour faire le travail. L\u2019essentiel, c\u2019est de trouver la voix parfaitement adapt\u00e9e au projet.\u201d<br \/>\n\u2013 Roxanne Jean<\/div><div class=\"fusion-clearfix\"><\/div><\/div><\/div><div class=\"fusion-clearfix\"><\/div><\/div><\/div><div class=\"fusion-layout-column fusion_builder_column fusion-builder-column-1 fusion_builder_column_1_3 1_3 fusion-one-third fusion-column-last\" style=\"width:33.333333333333%;width:calc(33.333333333333% - ( ( 4% ) * 0.33333333333333 ) );margin-top:0px;margin-bottom:20px;\"><div class=\"fusion-column-wrapper fusion-flex-column-wrapper-legacy\" style=\"background-position:left top;background-repeat:no-repeat;-webkit-background-size:cover;-moz-background-size:cover;-o-background-size:cover;background-size:cover;padding: 25px 0px 0px 0px;\"><div class=\"fusion-column-content-centered\"><div class=\"fusion-column-content\"><div class=\"fusion-sep-clear\"><\/div><div class=\"fusion-separator fusion-no-small-visibility fusion-full-width-sep\" style=\"margin-left: auto;margin-right: auto;margin-bottom:145px;width:100%;\"><\/div><div class=\"fusion-sep-clear\"><\/div><div class=\"fusion-text fusion-text-3\"><p><script type=\"text\/javascript\"> \/\/<!&#091;CDATA&#091;\n    <!--Enter your account ID. You can find this under the Menu item: Help | About -->\n        var ACCOUNT_ID = '1a9e1698-ac90-4c4a-988f-63f83e2351cb';\n    <!--Enter the title of this page. Clicks will appear in your Zamtistics -->\n        var PAGE_NAME = 'Demos page for Roxanne Jean';\n    <!--NOTE: value can be either 'inline' OR 'popup'-->\n        var RENDER_MODE = 'inline';\n    <!--Enter a Demo ID for the default demo to display when the player launches -->\n    <!--NOTE: Demo ID's can be by found in the Showcase by clicking the -->\n    <!--gear icon for a specific Demo-->\n        var DEFAULT_DEMO = 6313 ; <!-- Demo Category Explainer ; -->\n    <!--Handle AutoPlay On PageLoad -->\n        var AUTO_PLAY = false;\n    <!--Option to show contacts button in player -->\n        var SHOW_CONTACTS = true;\n        jQuery('body').on('click','.listendemo', function(){\n                 var id = parseInt(jQuery(this).attr(\"id\").replace('vzbutton_',''));\n                 listenDemo(id , true)\n    });\n    \/\/ &#093;&#093;><\/script><\/p>\n<p><script src=\"\/\/www.voicezam.com\/clientScripts\/WebLinking2.aspx\"><\/script><\/p>\n<div id=\"voiceDemos\"><\/div>\n<p><!-- NOTE: THE <button> CODE LISTED BELOW IS OPTIONAL AND SHOWS HOW TO TRIGGER THE PLAYER TO PLAY A SPECIFIC DEMO FROM A BUTTON ON THE PAGE. PLEASE DELETE IF NOT USING BUTTONS TO TRIGGER THE PLAYER. To designate which demo will play when the button is clicked, change the \"listenDemo(demoID, autoplay)\" function parameters. NOTE: Demo ID's can be by found in the Showcase by clicking the gear icon for a specific Demo. autoplay may be 'true', or 'false --><\/p>\n<\/div><\/div><\/div><div class=\"fusion-clearfix\"><\/div><\/div><\/div><\/div><\/div><div class=\"fusion-fullwidth fullwidth-box fusion-builder-row-2 nonhundred-percent-fullwidth non-hundred-percent-height-scrolling\" style=\"background-color: rgba(226,226,226,0);background-position: center center;background-repeat: no-repeat;padding-top:0px;padding-right:0px;padding-bottom:0px;padding-left:0px;margin-bottom: 0px;margin-top: 0px;border-width: 0px 0px 0px 0px;border-color:#eae9e9;border-style:solid;\" ><div class=\"fusion-builder-row fusion-row\"><div class=\"fusion-layout-column fusion_builder_column fusion-builder-column-2 fusion_builder_column_1_1 1_1 fusion-one-full fusion-column-first fusion-column-last\" style=\"margin-top:0px;margin-bottom:20px;\"><div class=\"fusion-column-wrapper fusion-flex-column-wrapper-legacy\" style=\"background-position:left top;background-repeat:no-repeat;-webkit-background-size:cover;-moz-background-size:cover;-o-background-size:cover;background-size:cover;padding: 15px 0px 0px 0px;\"><div class=\"fusion-text fusion-text-4\"><p>La plupart des vid\u00e9os explicatives s\u2019adressent \u00e0 un public tr\u00e8s pointu, c\u2019est pourquoi l\u2019approche de jeu vocal convient mieux \u00e0 une approche strictement narrative. Souvent, la cr\u00e9ation d\u2019un personnage peut \u00eatre tr\u00e8s utile pour atteindre des consommateurs potentiels. Le recours \u00e0 un style conversationnel pragmatique et d\u00e9contract\u00e9 d\u00e9gage un aspect r\u00e9aliste et engageant.<\/p>\n<\/div><div class=\"fusion-text fusion-text-5\"><h1><strong>Pourquoi est-il si important de recourir aux services d\u2019un sp\u00e9cialiste de la voix hors champ?<\/strong><\/h1>\n<p>\u00a0<\/p>\n<\/div><div class=\"fusion-text fusion-text-6\"><p>Vous vous appr\u00eatez \u00e0 r\u00e9aliser une vid\u00e9o explicative? Assurez-vous de retenir les services d\u2019un professionnel de la voix qui lui insufflera une touche d\u2019humanit\u00e9. <\/p>\n<blockquote>\n<p>\u201cLes vid\u00e9os explicatives sont tr\u00e8s efficaces pour faire conna\u00eetre vos id\u00e9es. La voix d\u2019un personnage leur donne une valeur ajout\u00e9e, une touche \u00e9motionnelle, humaine et humoristique qui rendra le message encore plus convaincant!\u201d<br \/>\u2013 Roxanne Jean<\/p>\n<\/blockquote>\n<p>M\u00eame si le contenu visuel est souvent simple, la narration d\u2019une vid\u00e9o explicative doit toujours \u00eatre impeccable et le choix du narrateur constitue une d\u00e9cision critique. Oubliez la voix monotone g\u00e9n\u00e9r\u00e9e par ordinateur. La voix hors champ est le moyen par lequel le public re\u00e7oit votre message; elle donne le ton et guide le spectateur tout au long de la vid\u00e9o. Plus elle est convaincante, plus grandes sont les chances que votre public cible devienne votre client\u00e8le. Un professionnel de la voix hors champ donnera \u00e0 votre contenu une touche humaine et souvent humoristique, ce qui en dira long sur vos produits et vos valeurs. Rappelez-vous : les gens sont curieux de nature. La cl\u00e9 consiste \u00e0 leur expliquer quelque chose de nouveau tout en les divertissant. <\/p>\n<blockquote>\n<p>\u201cQuand je travaille sur des vid\u00e9os explicatives, j\u2019ai l\u2019impression de m\u2019offrir un bon chocolat au beau milieu de la journ\u00e9e : c\u2019est un pur plaisir!\u201d<br \/>\u2013 Roxanne Jean<\/p>\n<\/blockquote>\n<\/div><div class=\"fusion-clearfix\"><\/div><\/div><\/div><\/div><\/div><div class=\"fusion-fullwidth fullwidth-box fusion-builder-row-3 nonhundred-percent-fullwidth non-hundred-percent-height-scrolling fusion-equal-height-columns\" style=\"background-color: #f4f2f2;background-position: center center;background-repeat: no-repeat;padding-top:60px;padding-right:0px;padding-bottom:60px;padding-left:0px;margin-top: 0px;border-width: 0px 0px 0px 0px;border-color:#eae9e9;border-style:solid;\" ><div class=\"fusion-builder-row fusion-row\"><div class=\"fusion-layout-column fusion_builder_column fusion-builder-column-3 fusion_builder_column_1_1 1_1 fusion-one-full fusion-column-first fusion-column-last\" style=\"margin-top:0px;margin-bottom:0px;\"><div class=\"fusion-column-wrapper fusion-flex-column-wrapper-legacy\" style=\"background-position:left top;background-repeat:no-repeat;-webkit-background-size:cover;-moz-background-size:cover;-o-background-size:cover;background-size:cover;padding: 0px 0px 0px 0px;\"><div class=\"fusion-column-content-centered\"><div class=\"fusion-column-content\"><div class=\"fusion-builder-row fusion-builder-row-inner fusion-row\"><div class=\"fusion-layout-column fusion_builder_column_inner fusion-builder-nested-column-1 fusion_builder_column_inner_4_5 4_5 fusion-four-fifth fusion-column-first\" style=\"width:80%;width:calc(80% - ( ( 4% ) * 0.8 ) );margin-right: 4%;margin-top:0px;margin-bottom:0px;\"><div class=\"fusion-column-wrapper fusion-flex-column-wrapper-legacy\" style=\"background-position:left top;background-repeat:no-repeat;-webkit-background-size:cover;-moz-background-size:cover;-o-background-size:cover;background-size:cover;padding: 0px 0px 0px 0px;\"><div class=\"fusion-column-content-centered\"><div class=\"fusion-column-content\"><style type='text\/css'>.reading-box-container-2 .element-bottomshadow:before,.reading-box-container-2 .element-bottomshadow:after{opacity:0.7;}<\/style><div class=\"fusion-reading-box-container reading-box-container-2\" style=\"margin-top:0px;margin-bottom:0px;\"><div class=\"reading-box\" style=\"background-color:rgba(246,246,246,0);border-width:1px;border-color:#f6f6f6;border-left-width:3px;border-left-color:var(--primary_color);border-style:solid;\"><h2>Vous avez un message \u00e0 livrer \u00e0 un public francophone?<\/h2><div class=\"reading-box-description fusion-reading-box-additional\">Si vous avez besoin d'un talent vocal hors pair pour promouvoir votre entreprise et votre marque aupr\u00e8s du public francophone, vous pouvez compter sur la r\u00e9putation et l'expertise de Roxanne pour transmettre le bon message et redorer la signature vocale de votre marque.<\/div><div class=\"fusion-clearfix\"><\/div><\/div><\/div><\/div><\/div><div class=\"fusion-clearfix\"><\/div><\/div><\/div><div class=\"fusion-layout-column fusion_builder_column_inner fusion-builder-nested-column-2 fusion_builder_column_inner_1_5 1_5 fusion-one-fifth fusion-column-last fusion-column-inner-bg-wrapper\" style=\"width:20%;width:calc(20% - ( ( 4% ) * 0.2 ) );margin-top:0px;margin-bottom:0px;\"><div class=\"fusion-column-wrapper fusion-flex-column-wrapper-legacy\" style=\"padding: 0px 0px 0px 0px;\"><div class=\"fusion-column-content-centered\"><div class=\"fusion-column-content\"><div class=\"fusion-aligncenter\"><style>.fusion-button.button-1{border-color:#ffffff;border-radius:2px 2px 2px 2px;background:#ee2a7b;background-image:linear-gradient(180deg,#ee2a7b 0%,#d7006d 100%);}.fusion-button.button-1 .fusion-button-text,.fusion-button.button-1 i,.fusion-button.button-1:hover .fusion-button-text,.fusion-button.button-1:hover i,.fusion-button.button-1:focus .fusion-button-text,.fusion-button.button-1:focus i,.fusion-button.button-1:active .fusion-button-text,.fusion-button.button-1:active i{color:#ffffff;}.fusion-button.button-1:hover,.fusion-button.button-1:active,.fusion-button.button-1:focus{border-color:#ffffff;background:#d7006d;background-image:linear-gradient(180deg,#d7006d 0%,#ee2a7b 100%);}<\/style><a class=\"fusion-button button-flat button-xlarge button-custom button-1 fusion-button-default-span fusion-button-default-type\" target=\"_self\" href=\"http:\/\/roxannejean.com\/fr\/contact\/\"><span class=\"fusion-button-text\">R\u00c9SERVER MAINTENANT<\/span><\/a><\/div><\/div><\/div><div class=\"fusion-clearfix\"><\/div><\/div><span class=\"fusion-column-inner-bg hover-type-none\"><a class=\"fusion-column-anchor\" href=\"http:\/\/roxannejean.com\/fr\/contact\/\"><span class=\"fusion-column-inner-bg-image\" style=\"background-position:left top;background-repeat:no-repeat;-webkit-background-size:cover;-moz-background-size:cover;-o-background-size:cover;background-size:cover;\"><\/span><\/a><\/span><\/div><\/div><\/div><\/div><div class=\"fusion-clearfix\"><\/div><\/div><\/div><\/div><\/div><\/p>\n","protected":false},"excerpt":{"rendered":"","protected":false},"author":1,"featured_media":0,"parent":0,"menu_order":0,"comment_status":"closed","ping_status":"closed","template":"100-width.php","meta":[],"yoast_head":"<!-- This site is optimized with the Yoast SEO plugin v20.1 - https:\/\/yoast.com\/wordpress\/plugins\/seo\/ -->\n<title>Vid\u00e9os explicatives | Roxanne Jean<\/title>\n<meta name=\"robots\" content=\"index, follow, max-snippet:-1, max-image-preview:large, max-video-preview:-1\" \/>\n<link rel=\"canonical\" href=\"https:\/\/roxannejean.com\/fr\/videos-explicatives\/\" \/>\n<meta property=\"og:locale\" content=\"fr_FR\" \/>\n<meta property=\"og:type\" content=\"article\" \/>\n<meta property=\"og:title\" content=\"Vid\u00e9os explicatives | Roxanne Jean\" \/>\n<meta property=\"og:url\" content=\"https:\/\/roxannejean.com\/fr\/videos-explicatives\/\" \/>\n<meta property=\"og:site_name\" content=\"Roxanne Jean\" \/>\n<meta property=\"article:modified_time\" content=\"2017-07-04T15:44:58+00:00\" \/>\n<meta name=\"twitter:card\" content=\"summary_large_image\" \/>\n<meta name=\"twitter:label1\" content=\"Dur\u00e9e de lecture estim\u00e9e\" \/>\n\t<meta name=\"twitter:data1\" content=\"8 minutes\" \/>\n<script type=\"application\/ld+json\" class=\"yoast-schema-graph\">{\"@context\":\"https:\/\/schema.org\",\"@graph\":[{\"@type\":\"WebPage\",\"@id\":\"https:\/\/roxannejean.com\/fr\/videos-explicatives\/\",\"url\":\"https:\/\/roxannejean.com\/fr\/videos-explicatives\/\",\"name\":\"Vid\u00e9os explicatives | Roxanne Jean\",\"isPartOf\":{\"@id\":\"https:\/\/roxannejean.com\/#website\"},\"datePublished\":\"2017-07-04T15:44:00+00:00\",\"dateModified\":\"2017-07-04T15:44:58+00:00\",\"breadcrumb\":{\"@id\":\"https:\/\/roxannejean.com\/fr\/videos-explicatives\/#breadcrumb\"},\"inLanguage\":\"fr-FR\",\"potentialAction\":[{\"@type\":\"ReadAction\",\"target\":[\"https:\/\/roxannejean.com\/fr\/videos-explicatives\/\"]}]},{\"@type\":\"BreadcrumbList\",\"@id\":\"https:\/\/roxannejean.com\/fr\/videos-explicatives\/#breadcrumb\",\"itemListElement\":[{\"@type\":\"ListItem\",\"position\":1,\"name\":\"Home\",\"item\":\"https:\/\/roxannejean.com\/fr\/\"},{\"@type\":\"ListItem\",\"position\":2,\"name\":\"Vid\u00e9os explicatives\"}]},{\"@type\":\"WebSite\",\"@id\":\"https:\/\/roxannejean.com\/#website\",\"url\":\"https:\/\/roxannejean.com\/\",\"name\":\"Roxanne Jean\",\"description\":\"Stellar French Canadian Voice-Over Talent\",\"potentialAction\":[{\"@type\":\"SearchAction\",\"target\":{\"@type\":\"EntryPoint\",\"urlTemplate\":\"https:\/\/roxannejean.com\/?s={search_term_string}\"},\"query-input\":\"required name=search_term_string\"}],\"inLanguage\":\"fr-FR\"}]}<\/script>\n<!-- \/ Yoast SEO plugin. -->","yoast_head_json":{"title":"Vid\u00e9os explicatives | Roxanne Jean","robots":{"index":"index","follow":"follow","max-snippet":"max-snippet:-1","max-image-preview":"max-image-preview:large","max-video-preview":"max-video-preview:-1"},"canonical":"https:\/\/roxannejean.com\/fr\/videos-explicatives\/","og_locale":"fr_FR","og_type":"article","og_title":"Vid\u00e9os explicatives | Roxanne Jean","og_url":"https:\/\/roxannejean.com\/fr\/videos-explicatives\/","og_site_name":"Roxanne Jean","article_modified_time":"2017-07-04T15:44:58+00:00","twitter_card":"summary_large_image","twitter_misc":{"Dur\u00e9e de lecture estim\u00e9e":"8 minutes"},"schema":{"@context":"https:\/\/schema.org","@graph":[{"@type":"WebPage","@id":"https:\/\/roxannejean.com\/fr\/videos-explicatives\/","url":"https:\/\/roxannejean.com\/fr\/videos-explicatives\/","name":"Vid\u00e9os explicatives | Roxanne Jean","isPartOf":{"@id":"https:\/\/roxannejean.com\/#website"},"datePublished":"2017-07-04T15:44:00+00:00","dateModified":"2017-07-04T15:44:58+00:00","breadcrumb":{"@id":"https:\/\/roxannejean.com\/fr\/videos-explicatives\/#breadcrumb"},"inLanguage":"fr-FR","potentialAction":[{"@type":"ReadAction","target":["https:\/\/roxannejean.com\/fr\/videos-explicatives\/"]}]},{"@type":"BreadcrumbList","@id":"https:\/\/roxannejean.com\/fr\/videos-explicatives\/#breadcrumb","itemListElement":[{"@type":"ListItem","position":1,"name":"Home","item":"https:\/\/roxannejean.com\/fr\/"},{"@type":"ListItem","position":2,"name":"Vid\u00e9os explicatives"}]},{"@type":"WebSite","@id":"https:\/\/roxannejean.com\/#website","url":"https:\/\/roxannejean.com\/","name":"Roxanne Jean","description":"Stellar French Canadian Voice-Over Talent","potentialAction":[{"@type":"SearchAction","target":{"@type":"EntryPoint","urlTemplate":"https:\/\/roxannejean.com\/?s={search_term_string}"},"query-input":"required name=search_term_string"}],"inLanguage":"fr-FR"}]}},"_links":{"self":[{"href":"https:\/\/roxannejean.com\/fr\/wp-json\/wp\/v2\/pages\/1943"}],"collection":[{"href":"https:\/\/roxannejean.com\/fr\/wp-json\/wp\/v2\/pages"}],"about":[{"href":"https:\/\/roxannejean.com\/fr\/wp-json\/wp\/v2\/types\/page"}],"author":[{"embeddable":true,"href":"https:\/\/roxannejean.com\/fr\/wp-json\/wp\/v2\/users\/1"}],"replies":[{"embeddable":true,"href":"https:\/\/roxannejean.com\/fr\/wp-json\/wp\/v2\/comments?post=1943"}],"version-history":[{"count":0,"href":"https:\/\/roxannejean.com\/fr\/wp-json\/wp\/v2\/pages\/1943\/revisions"}],"wp:attachment":[{"href":"https:\/\/roxannejean.com\/fr\/wp-json\/wp\/v2\/media?parent=1943"}],"curies":[{"name":"wp","href":"https:\/\/api.w.org\/{rel}","templated":true}]}}