{"id":1921,"date":"2017-07-04T11:26:22","date_gmt":"2017-07-04T15:26:22","guid":{"rendered":"http:\/\/roxannejean.com\/narration-doutils-dapprentissage-en-ligne\/"},"modified":"2017-07-26T08:43:07","modified_gmt":"2017-07-26T12:43:07","slug":"narration-doutils-dapprentissage-en-ligne","status":"publish","type":"page","link":"https:\/\/roxannejean.com\/fr\/narration-doutils-dapprentissage-en-ligne\/","title":{"rendered":"Narration d\u2019outils d\u2019apprentissage en ligne"},"content":{"rendered":"<p><div class=\"fusion-fullwidth fullwidth-box fusion-builder-row-1 nonhundred-percent-fullwidth non-hundred-percent-height-scrolling\" style=\"background-color: rgba(255,255,255,0);background-position: center center;background-repeat: no-repeat;padding-top:0px;padding-right:0px;padding-bottom:0px;padding-left:0px;margin-bottom: 0px;margin-top: 0px;border-width: 0px 0px 0px 0px;border-color:#eae9e9;border-style:solid;\" ><div class=\"fusion-builder-row fusion-row\"><div class=\"fusion-layout-column fusion_builder_column fusion-builder-column-0 fusion_builder_column_2_3 2_3 fusion-two-third fusion-column-first\" style=\"width:66.666666666667%;width:calc(66.666666666667% - ( ( 4% ) * 0.66666666666667 ) );margin-right: 4%;margin-top:0px;margin-bottom:20px;\"><div class=\"fusion-column-wrapper fusion-flex-column-wrapper-legacy\" style=\"background-position:left top;background-repeat:no-repeat;-webkit-background-size:cover;-moz-background-size:cover;-o-background-size:cover;background-size:cover;padding: 0px 0px 0px 0px;\"><div class=\"fusion-builder-row fusion-builder-row-inner fusion-row\"><div class=\"fusion-layout-column fusion_builder_column_inner fusion-builder-nested-column-0 fusion_builder_column_inner_1_1 1_1 fusion-one-full fusion-column-first fusion-column-last\" style=\"margin-top:35px;margin-bottom:0px;\"><div class=\"fusion-column-wrapper fusion-flex-column-wrapper-legacy\" style=\"background-position:left top;background-repeat:no-repeat;-webkit-background-size:cover;-moz-background-size:cover;-o-background-size:cover;background-size:cover;background-color:rgba(244,242,242,0);padding: 35px 0px 0px 0px;\"><style type=\"text\/css\"><\/style><div class=\"fusion-title title fusion-title-1 fusion-sep-none fusion-title-text fusion-title-size-one\" style=\"margin-top:0px;margin-right:0px;margin-bottom:31px;margin-left:0px;\"><h1 class=\"title-heading-left\" style=\"margin:0;\"><strong>Narration d\u2019outils d\u2019apprentissage en ligne<\/strong><\/h1><\/div><style type=\"text\/css\"><\/style><div class=\"fusion-title title fusion-title-2 fusion-sep-none fusion-title-text fusion-title-size-three\" style=\"margin-top:0px;margin-right:0px;margin-bottom:31px;margin-left:0px;\"><h3 class=\"title-heading-left\" style=\"margin:0;\"><strong>Un sp\u00e9cialiste dans le domaine de l\u2019apprentissage en ligne fera toute la diff\u00e9rence!<\/strong><\/h3><\/div><div class=\"fusion-clearfix\"><\/div><\/div><\/div><\/div><div class=\"fusion-text fusion-text-1\"><p>Originaire de la province de Qu\u00e9bec, Roxanne offre \u00e0 l\u2019industrie de l\u2019apprentissage en ligne des services vocaux sp\u00e9cialis\u00e9s. Que vous ayez besoin d\u2019une voix hors champ en fran\u00e7ais international pour des vid\u00e9os de formation ou de tutoriels pour entreprises ou encore dans le domaine m\u00e9dical ou celui du multim\u00e9dia, Roxanne r\u00e9pond aux normes d\u2019excellence les plus strictes. Talentueuse et exp\u00e9riment\u00e9e, elle ajoute aux outils d\u2019apprentissage en ligne une voix hors champ qui sait :<\/p>\n<\/div><div class=\"fusion-sep-clear\"><\/div><div class=\"fusion-separator fusion-full-width-sep\" style=\"margin-left: auto;margin-right: auto;margin-bottom:25px;width:100%;\"><\/div><div class=\"fusion-sep-clear\"><\/div><ul class=\"fusion-checklist fusion-checklist-1\" style=\"font-size:18px;line-height:30.6px;\"><li style=\"background-color:rgba(255,255,255,0);\" class=\"fusion-li-item\"><span style=\"background-color:#e91e63;font-size:15.84px;height:30.6px;width:30.6px;margin-right:12.6px;\" class=\"icon-wrapper circle-yes\"><i class=\"fusion-li-icon fa fa-check\" style=\"color:#ffffff;\" aria-hidden=\"true\"><\/i><\/span><div class=\"fusion-li-item-content\" style=\"margin-left:43.2px;color:var(--awb-color8);\">\nsoutenir l\u2019int\u00e9r\u00eat des \u00e9l\u00e8ves du d\u00e9but \u00e0 la fin<\/div><\/li><li style=\"background-color:rgba(255,255,255,0);\" class=\"fusion-li-item\"><span style=\"background-color:#e91e63;font-size:15.84px;height:30.6px;width:30.6px;margin-right:12.6px;\" class=\"icon-wrapper circle-yes\"><i class=\"fusion-li-icon fa fa-check\" style=\"color:#ffffff;\" aria-hidden=\"true\"><\/i><\/span><div class=\"fusion-li-item-content\" style=\"margin-left:43.2px;color:var(--awb-color8);\">\ninterpr\u00e9ter avec pr\u00e9cision vos cours d\u2019apprentissage en ligne<\/div><\/li><li style=\"background-color:rgba(255,255,255,0);\" class=\"fusion-li-item\"><span style=\"background-color:#e91e63;font-size:15.84px;height:30.6px;width:30.6px;margin-right:12.6px;\" class=\"icon-wrapper circle-yes\"><i class=\"fusion-li-icon fa fa-check\" style=\"color:#ffffff;\" aria-hidden=\"true\"><\/i><\/span><div class=\"fusion-li-item-content\" style=\"margin-left:43.2px;color:var(--awb-color8);\">\ngagner la confiance des \u00e9l\u00e8ves en parlant de mani\u00e8re engageante et compr\u00e9hensible<\/div><\/li><li style=\"background-color:rgba(255,255,255,0);\" class=\"fusion-li-item\"><span style=\"background-color:#e91e63;font-size:15.84px;height:30.6px;width:30.6px;margin-right:12.6px;\" class=\"icon-wrapper circle-yes\"><i class=\"fusion-li-icon fa fa-check\" style=\"color:#ffffff;\" aria-hidden=\"true\"><\/i><\/span><div class=\"fusion-li-item-content\" style=\"margin-left:43.2px;color:var(--awb-color8);\">\nemployer un style naturel et chaleureux<\/div><\/li><li style=\"background-color:rgba(255,255,255,0);\" class=\"fusion-li-item\"><span style=\"background-color:#e91e63;font-size:15.84px;height:30.6px;width:30.6px;margin-right:12.6px;\" class=\"icon-wrapper circle-yes\"><i class=\"fusion-li-icon fa fa-check\" style=\"color:#ffffff;\" aria-hidden=\"true\"><\/i><\/span><div class=\"fusion-li-item-content\" style=\"margin-left:43.2px;color:var(--awb-color8);\">\npr\u00e9senter le mat\u00e9riel de mani\u00e8re \u00e0 ce que les auditeurs le retiennent<\/div><\/li><li style=\"background-color:rgba(255,255,255,0);\" class=\"fusion-li-item\"><span style=\"background-color:#e91e63;font-size:15.84px;height:30.6px;width:30.6px;margin-right:12.6px;\" class=\"icon-wrapper circle-yes\"><i class=\"fusion-li-icon fa fa-check\" style=\"color:#ffffff;\" aria-hidden=\"true\"><\/i><\/span><div class=\"fusion-li-item-content\" style=\"margin-left:43.2px;color:var(--awb-color8);\">\nlivrer des voix hors champ professionnelles de qualit\u00e9 radiophonique avec fiabilit\u00e9 et ponctualit\u00e9<\/div><\/li><\/ul><div class=\"fusion-clearfix\"><\/div><\/div><\/div><div class=\"fusion-layout-column fusion_builder_column fusion-builder-column-1 fusion_builder_column_1_3 1_3 fusion-one-third fusion-column-last\" style=\"width:33.333333333333%;width:calc(33.333333333333% - ( ( 4% ) * 0.33333333333333 ) );margin-top:0px;margin-bottom:20px;\"><div class=\"fusion-column-wrapper fusion-flex-column-wrapper-legacy\" style=\"background-position:left top;background-repeat:no-repeat;-webkit-background-size:cover;-moz-background-size:cover;-o-background-size:cover;background-size:cover;padding: 25px 0px 0px 0px;\"><div class=\"fusion-column-content-centered\"><div class=\"fusion-column-content\"><div class=\"fusion-sep-clear\"><\/div><div class=\"fusion-separator fusion-no-small-visibility fusion-full-width-sep\" style=\"margin-left: auto;margin-right: auto;margin-bottom:125px;width:100%;\"><\/div><div class=\"fusion-sep-clear\"><\/div><div class=\"fusion-text fusion-text-2\"><p><script type=\"text\/javascript\"> \/\/<!&#091;CDATA&#091;\n    <!--Enter your account ID. You can find this under the Menu item: Help | About -->\n        var ACCOUNT_ID = '1a9e1698-ac90-4c4a-988f-63f83e2351cb';\n    <!--Enter the title of this page. Clicks will appear in your Zamtistics -->\n        var PAGE_NAME = 'Demos page for Roxanne Jean';\n    <!--NOTE: value can be either 'inline' OR 'popup'-->\n        var RENDER_MODE = 'inline';\n    <!--Enter a Demo ID for the default demo to display when the player launches -->\n    <!--NOTE: Demo ID's can be by found in the Showcase by clicking the -->\n    <!--gear icon for a specific Demo-->\n        var DEFAULT_DEMO = 6316 ; <!-- Demo Category eLearning ; -->\n    <!--Handle AutoPlay On PageLoad -->\n        var AUTO_PLAY = false;\n    <!--Option to show contacts button in player -->\n        var SHOW_CONTACTS = true;\n        jQuery('body').on('click','.listendemo', function(){\n                 var id = parseInt(jQuery(this).attr(\"id\").replace('vzbutton_',''));\n                 listenDemo(id , true)\n    });\n    \/\/ &#093;&#093;><\/script><\/p>\n<p><script src=\"\/\/www.voicezam.com\/clientScripts\/WebLinking2.aspx\"><\/script><\/p>\n<div id=\"voiceDemos\"><\/div>\n<p><!-- NOTE: THE <button> CODE LISTED BELOW IS OPTIONAL AND SHOWS HOW TO TRIGGER THE PLAYER TO PLAY A SPECIFIC DEMO FROM A BUTTON ON THE PAGE. PLEASE DELETE IF NOT USING BUTTONS TO TRIGGER THE PLAYER. To designate which demo will play when the button is clicked, change the \"listenDemo(demoID, autoplay)\" function parameters. NOTE: Demo ID's can be by found in the Showcase by clicking the gear icon for a specific Demo. autoplay may be 'true', or 'false --><\/p>\n<\/div><\/div><\/div><div class=\"fusion-clearfix\"><\/div><\/div><\/div><\/div><\/div><div class=\"fusion-fullwidth fullwidth-box fusion-builder-row-2 nonhundred-percent-fullwidth non-hundred-percent-height-scrolling\" style=\"background-color: rgba(255,255,255,0);background-position: center center;background-repeat: no-repeat;padding-top:0px;padding-right:0px;padding-bottom:0px;padding-left:0px;margin-bottom: 0px;margin-top: 0px;border-width: 0px 0px 0px 0px;border-color:#eae9e9;border-style:solid;\" ><div class=\"fusion-builder-row fusion-row\"><div class=\"fusion-layout-column fusion_builder_column fusion-builder-column-2 fusion_builder_column_1_1 1_1 fusion-one-full fusion-column-first fusion-column-last\" style=\"margin-top:0px;margin-bottom:20px;\"><div class=\"fusion-column-wrapper fusion-flex-column-wrapper-legacy\" style=\"background-position:left top;background-repeat:no-repeat;-webkit-background-size:cover;-moz-background-size:cover;-o-background-size:cover;background-size:cover;padding: 0px 0px 0px 0px;\"><div class=\"fusion-text fusion-text-3\"><h2><strong>Apprentissage en ligne : une tendance croissante<\/strong><\/h2>\n<p>Les progr\u00e8s technologiques et l\u2019\u00e9volution des pratiques commerciales ont entra\u00een\u00e9 une \u00e9norme croissance du march\u00e9 de l\u2019apprentissage en ligne. De plus en plus, les grandes entreprises nationales et internationales s\u2019appuient sur l\u2019expertise de Roxanne pour produire leurs vid\u00e9os de formation.<\/p>\n<p>Roxanne a pr\u00eat\u00e9 sa voix aux outils d\u2019apprentissage en ligne de <strong><em>Pratt &amp; Whitney Canada, Vid\u00e9otron, Microsoft, Honda, Tag Heuer, Amway, Second Cup, Manulife, Michelin, Monster.ca, Thermador, Windows Live Messenger, Labatt, General Motors, Caterpillar, Microsoft Office 2010, Nobivac Lyme, Johnson &amp; Johnson, Globalstar, Piscine \u201cRadiant Pools\u201d, Medisys, \u00c9lexpertise, Fisher Price, Lafarge Canada, Ottawa Public Library, McKesson Canada<\/em><\/strong> et plusieurs autres.<\/p>\n<\/div><div class=\"fusion-text fusion-text-4\"><blockquote>\n<p>\u201cL\u2019apprentissage en ligne, c\u2019est comme raconter une histoire : il faut parler \u00e0 l\u2019auditeur, et non seulement s\u2019adresser \u00e0 lui.\u201d<br \/>\n&#8211; Roxanne Jean<\/p>\n<\/blockquote>\n<\/div><div class=\"fusion-text fusion-text-5\"><h2><strong>Des voix hors champ professionnelles et faciles \u00e0 comprendre<\/strong><\/h2>\n<p>Ennuyeuse, la narration des outils d\u2019apprentissage en ligne? Pas du tout! La voix hors champ raconte une histoire, tout simplement. Inutile d\u2019\u00eatre s\u00e9rieux et aust\u00e8re. L\u2019objectif principal? Communiquer un message d\u2019une mani\u00e8re empathique et accessible. Roxanne saura transmettre votre message \u00e0 tout coup!<\/p>\n<blockquote>\n<p>\u201cLes voix hors champ ne doivent pas distraire l\u2019auditeur ni nuire au message.\u201d<br \/>\n\u2013 Roxanne Jean<\/p>\n<\/blockquote>\n<p>Roxanne Jean est membre de la <strong>eLearning Industry<\/strong>.<\/p>\n<\/div><div class=\"fusion-clearfix\"><\/div><\/div><\/div><\/div><\/div><div class=\"fusion-fullwidth fullwidth-box fusion-builder-row-3 nonhundred-percent-fullwidth non-hundred-percent-height-scrolling fusion-equal-height-columns\" style=\"background-color: #f4f2f2;background-position: center center;background-repeat: no-repeat;padding-top:60px;padding-right:0px;padding-bottom:60px;padding-left:0px;margin-top: 0px;border-width: 0px 0px 0px 0px;border-color:#eae9e9;border-style:solid;\" ><div class=\"fusion-builder-row fusion-row\"><div class=\"fusion-layout-column fusion_builder_column fusion-builder-column-3 fusion_builder_column_1_1 1_1 fusion-one-full fusion-column-first fusion-column-last\" style=\"margin-top:0px;margin-bottom:0px;\"><div class=\"fusion-column-wrapper fusion-flex-column-wrapper-legacy\" style=\"background-position:left top;background-repeat:no-repeat;-webkit-background-size:cover;-moz-background-size:cover;-o-background-size:cover;background-size:cover;padding: 0px 0px 0px 0px;\"><div class=\"fusion-column-content-centered\"><div class=\"fusion-column-content\"><div class=\"fusion-builder-row fusion-builder-row-inner fusion-row\"><div class=\"fusion-layout-column fusion_builder_column_inner fusion-builder-nested-column-1 fusion_builder_column_inner_4_5 4_5 fusion-four-fifth fusion-column-first\" style=\"width:80%;width:calc(80% - ( ( 4% ) * 0.8 ) );margin-right: 4%;margin-top:0px;margin-bottom:0px;\"><div class=\"fusion-column-wrapper fusion-flex-column-wrapper-legacy\" style=\"background-position:left top;background-repeat:no-repeat;-webkit-background-size:cover;-moz-background-size:cover;-o-background-size:cover;background-size:cover;padding: 0px 0px 0px 0px;\"><div class=\"fusion-column-content-centered\"><div class=\"fusion-column-content\"><style type='text\/css'>.reading-box-container-1 .element-bottomshadow:before,.reading-box-container-1 .element-bottomshadow:after{opacity:0.7;}<\/style><div class=\"fusion-reading-box-container reading-box-container-1\" style=\"margin-top:0px;margin-bottom:0px;\"><div class=\"reading-box\" style=\"background-color:rgba(246,246,246,0);border-width:1px;border-color:#f6f6f6;border-left-width:3px;border-left-color:var(--primary_color);border-style:solid;\"><h2>Vous avez un message \u00e0 livrer \u00e0 un public francophone?<\/h2><div class=\"reading-box-description fusion-reading-box-additional\">Si vous avez besoin d'un talent vocal hors pair pour promouvoir votre entreprise et votre marque aupr\u00e8s du public francophone, vous pouvez compter sur la r\u00e9putation et l'expertise de Roxanne pour transmettre le bon message et redorer la signature vocale de votre marque.<\/div><div class=\"fusion-clearfix\"><\/div><\/div><\/div><\/div><\/div><div class=\"fusion-clearfix\"><\/div><\/div><\/div><div class=\"fusion-layout-column fusion_builder_column_inner fusion-builder-nested-column-2 fusion_builder_column_inner_1_5 1_5 fusion-one-fifth fusion-column-last fusion-column-inner-bg-wrapper\" style=\"width:20%;width:calc(20% - ( ( 4% ) * 0.2 ) );margin-top:0px;margin-bottom:0px;\"><div class=\"fusion-column-wrapper fusion-flex-column-wrapper-legacy\" style=\"padding: 0px 0px 0px 0px;\"><div class=\"fusion-column-content-centered\"><div class=\"fusion-column-content\"><div class=\"fusion-aligncenter\"><style>.fusion-button.button-1{border-color:#ffffff;border-radius:2px 2px 2px 2px;background:#ee2a7b;background-image:linear-gradient(180deg,#ee2a7b 0%,#d7006d 100%);}.fusion-button.button-1 .fusion-button-text,.fusion-button.button-1 i,.fusion-button.button-1:hover .fusion-button-text,.fusion-button.button-1:hover i,.fusion-button.button-1:focus .fusion-button-text,.fusion-button.button-1:focus i,.fusion-button.button-1:active .fusion-button-text,.fusion-button.button-1:active i{color:#ffffff;}.fusion-button.button-1:hover,.fusion-button.button-1:active,.fusion-button.button-1:focus{border-color:#ffffff;background:#d7006d;background-image:linear-gradient(180deg,#d7006d 0%,#ee2a7b 100%);}<\/style><a class=\"fusion-button button-flat button-xlarge button-custom button-1 fusion-button-default-span fusion-button-default-type\" target=\"_self\" href=\"http:\/\/roxannejean.com\/fr\/contact\/\"><span class=\"fusion-button-text\">R\u00c9SERVER MAINTENANT<\/span><\/a><\/div><\/div><\/div><div class=\"fusion-clearfix\"><\/div><\/div><span class=\"fusion-column-inner-bg hover-type-none\"><a class=\"fusion-column-anchor\" href=\"http:\/\/roxannejean.com\/fr\/contact\/\"><span class=\"fusion-column-inner-bg-image\" style=\"background-position:left top;background-repeat:no-repeat;-webkit-background-size:cover;-moz-background-size:cover;-o-background-size:cover;background-size:cover;\"><\/span><\/a><\/span><\/div><\/div><\/div><\/div><div class=\"fusion-clearfix\"><\/div><\/div><\/div><\/div><\/div><\/p>\n","protected":false},"excerpt":{"rendered":"","protected":false},"author":1,"featured_media":0,"parent":0,"menu_order":0,"comment_status":"closed","ping_status":"closed","template":"100-width.php","meta":[],"yoast_head":"<!-- This site is optimized with the Yoast SEO plugin v20.1 - https:\/\/yoast.com\/wordpress\/plugins\/seo\/ -->\n<title>Narration d\u2019outils d\u2019apprentissage en ligne | Roxanne Jean<\/title>\n<meta name=\"robots\" content=\"index, follow, max-snippet:-1, max-image-preview:large, max-video-preview:-1\" \/>\n<link rel=\"canonical\" href=\"https:\/\/roxannejean.com\/fr\/narration-doutils-dapprentissage-en-ligne\/\" \/>\n<meta property=\"og:locale\" content=\"fr_FR\" \/>\n<meta property=\"og:type\" content=\"article\" \/>\n<meta property=\"og:title\" content=\"Narration d\u2019outils d\u2019apprentissage en ligne | Roxanne Jean\" \/>\n<meta property=\"og:url\" content=\"https:\/\/roxannejean.com\/fr\/narration-doutils-dapprentissage-en-ligne\/\" \/>\n<meta property=\"og:site_name\" content=\"Roxanne Jean\" \/>\n<meta property=\"article:modified_time\" content=\"2017-07-26T12:43:07+00:00\" \/>\n<meta name=\"twitter:card\" content=\"summary_large_image\" \/>\n<meta name=\"twitter:label1\" content=\"Dur\u00e9e de lecture estim\u00e9e\" \/>\n\t<meta name=\"twitter:data1\" content=\"8 minutes\" \/>\n<script type=\"application\/ld+json\" class=\"yoast-schema-graph\">{\"@context\":\"https:\/\/schema.org\",\"@graph\":[{\"@type\":\"WebPage\",\"@id\":\"https:\/\/roxannejean.com\/fr\/narration-doutils-dapprentissage-en-ligne\/\",\"url\":\"https:\/\/roxannejean.com\/fr\/narration-doutils-dapprentissage-en-ligne\/\",\"name\":\"Narration d\u2019outils d\u2019apprentissage en ligne | Roxanne Jean\",\"isPartOf\":{\"@id\":\"https:\/\/roxannejean.com\/#website\"},\"datePublished\":\"2017-07-04T15:26:22+00:00\",\"dateModified\":\"2017-07-26T12:43:07+00:00\",\"breadcrumb\":{\"@id\":\"https:\/\/roxannejean.com\/fr\/narration-doutils-dapprentissage-en-ligne\/#breadcrumb\"},\"inLanguage\":\"fr-FR\",\"potentialAction\":[{\"@type\":\"ReadAction\",\"target\":[\"https:\/\/roxannejean.com\/fr\/narration-doutils-dapprentissage-en-ligne\/\"]}]},{\"@type\":\"BreadcrumbList\",\"@id\":\"https:\/\/roxannejean.com\/fr\/narration-doutils-dapprentissage-en-ligne\/#breadcrumb\",\"itemListElement\":[{\"@type\":\"ListItem\",\"position\":1,\"name\":\"Home\",\"item\":\"https:\/\/roxannejean.com\/fr\/\"},{\"@type\":\"ListItem\",\"position\":2,\"name\":\"Narration d\u2019outils d\u2019apprentissage en ligne\"}]},{\"@type\":\"WebSite\",\"@id\":\"https:\/\/roxannejean.com\/#website\",\"url\":\"https:\/\/roxannejean.com\/\",\"name\":\"Roxanne Jean\",\"description\":\"Stellar French Canadian Voice-Over Talent\",\"potentialAction\":[{\"@type\":\"SearchAction\",\"target\":{\"@type\":\"EntryPoint\",\"urlTemplate\":\"https:\/\/roxannejean.com\/?s={search_term_string}\"},\"query-input\":\"required name=search_term_string\"}],\"inLanguage\":\"fr-FR\"}]}<\/script>\n<!-- \/ Yoast SEO plugin. -->","yoast_head_json":{"title":"Narration d\u2019outils d\u2019apprentissage en ligne | Roxanne Jean","robots":{"index":"index","follow":"follow","max-snippet":"max-snippet:-1","max-image-preview":"max-image-preview:large","max-video-preview":"max-video-preview:-1"},"canonical":"https:\/\/roxannejean.com\/fr\/narration-doutils-dapprentissage-en-ligne\/","og_locale":"fr_FR","og_type":"article","og_title":"Narration d\u2019outils d\u2019apprentissage en ligne | Roxanne Jean","og_url":"https:\/\/roxannejean.com\/fr\/narration-doutils-dapprentissage-en-ligne\/","og_site_name":"Roxanne Jean","article_modified_time":"2017-07-26T12:43:07+00:00","twitter_card":"summary_large_image","twitter_misc":{"Dur\u00e9e de lecture estim\u00e9e":"8 minutes"},"schema":{"@context":"https:\/\/schema.org","@graph":[{"@type":"WebPage","@id":"https:\/\/roxannejean.com\/fr\/narration-doutils-dapprentissage-en-ligne\/","url":"https:\/\/roxannejean.com\/fr\/narration-doutils-dapprentissage-en-ligne\/","name":"Narration d\u2019outils d\u2019apprentissage en ligne | Roxanne Jean","isPartOf":{"@id":"https:\/\/roxannejean.com\/#website"},"datePublished":"2017-07-04T15:26:22+00:00","dateModified":"2017-07-26T12:43:07+00:00","breadcrumb":{"@id":"https:\/\/roxannejean.com\/fr\/narration-doutils-dapprentissage-en-ligne\/#breadcrumb"},"inLanguage":"fr-FR","potentialAction":[{"@type":"ReadAction","target":["https:\/\/roxannejean.com\/fr\/narration-doutils-dapprentissage-en-ligne\/"]}]},{"@type":"BreadcrumbList","@id":"https:\/\/roxannejean.com\/fr\/narration-doutils-dapprentissage-en-ligne\/#breadcrumb","itemListElement":[{"@type":"ListItem","position":1,"name":"Home","item":"https:\/\/roxannejean.com\/fr\/"},{"@type":"ListItem","position":2,"name":"Narration d\u2019outils d\u2019apprentissage en ligne"}]},{"@type":"WebSite","@id":"https:\/\/roxannejean.com\/#website","url":"https:\/\/roxannejean.com\/","name":"Roxanne Jean","description":"Stellar French Canadian Voice-Over Talent","potentialAction":[{"@type":"SearchAction","target":{"@type":"EntryPoint","urlTemplate":"https:\/\/roxannejean.com\/?s={search_term_string}"},"query-input":"required name=search_term_string"}],"inLanguage":"fr-FR"}]}},"_links":{"self":[{"href":"https:\/\/roxannejean.com\/fr\/wp-json\/wp\/v2\/pages\/1921"}],"collection":[{"href":"https:\/\/roxannejean.com\/fr\/wp-json\/wp\/v2\/pages"}],"about":[{"href":"https:\/\/roxannejean.com\/fr\/wp-json\/wp\/v2\/types\/page"}],"author":[{"embeddable":true,"href":"https:\/\/roxannejean.com\/fr\/wp-json\/wp\/v2\/users\/1"}],"replies":[{"embeddable":true,"href":"https:\/\/roxannejean.com\/fr\/wp-json\/wp\/v2\/comments?post=1921"}],"version-history":[{"count":0,"href":"https:\/\/roxannejean.com\/fr\/wp-json\/wp\/v2\/pages\/1921\/revisions"}],"wp:attachment":[{"href":"https:\/\/roxannejean.com\/fr\/wp-json\/wp\/v2\/media?parent=1921"}],"curies":[{"name":"wp","href":"https:\/\/api.w.org\/{rel}","templated":true}]}}