{"id":1878,"date":"2017-07-04T10:54:18","date_gmt":"2017-07-04T14:54:18","guid":{"rendered":"http:\/\/roxannejean.com\/livres-audio\/"},"modified":"2017-07-05T09:23:55","modified_gmt":"2017-07-05T13:23:55","slug":"livres-audio","status":"publish","type":"page","link":"https:\/\/roxannejean.com\/fr\/livres-audio\/","title":{"rendered":"Livres audio"},"content":{"rendered":"<p><div class=\"fusion-fullwidth fullwidth-box fusion-builder-row-1 nonhundred-percent-fullwidth non-hundred-percent-height-scrolling\" style=\"background-color: rgba(255,255,255,0);background-position: center center;background-repeat: no-repeat;padding-top:0px;padding-right:0px;padding-bottom:0px;padding-left:0px;margin-bottom: 0px;margin-top: 0px;border-width: 0px 0px 0px 0px;border-color:#eae9e9;border-style:solid;\" ><div class=\"fusion-builder-row fusion-row\"><div class=\"fusion-layout-column fusion_builder_column fusion-builder-column-0 fusion_builder_column_1_1 1_1 fusion-one-full fusion-column-first fusion-column-last\" style=\"margin-top:0px;margin-bottom:20px;\"><div class=\"fusion-column-wrapper fusion-flex-column-wrapper-legacy\" style=\"background-position:left top;background-repeat:no-repeat;-webkit-background-size:cover;-moz-background-size:cover;-o-background-size:cover;background-size:cover;padding: 0px 0px 0px 0px;\">\n<div class=\"fusion-slider-revolution rev_slider_wrapper\">\t\t\t<!-- START Services French REVOLUTION SLIDER 6.5.15 --><p class=\"rs-p-wp-fix\"><\/p>\n\t\t\t<rs-module-wrap id=\"rev_slider_13_1_wrapper\" data-source=\"gallery\" style=\"visibility:hidden;background:transparent;padding:0;margin:0px auto;margin-top:0;margin-bottom:0;\">\n\t\t\t\t<rs-module id=\"rev_slider_13_1\" style=\"\" data-version=\"6.5.15\">\n\t\t\t\t\t<rs-slides>\n\t\t\t\t\t\t<rs-slide style=\"position: absolute;\" data-key=\"rs-30\" data-title=\"Slide\" data-duration=\"9000\" data-anim=\"ms:9000;\" data-in=\"o:1;e:none;\" data-out=\"o:1;e:none;\">\n\t\t\t\t\t\t\t<img src=\"\/\/roxannejean.com\/wp-content\/plugins\/revslider\/public\/assets\/assets\/dummy.png\" alt=\"Slide\" title=\"RJ-12-slider-bg\" width=\"2000\" height=\"450\" class=\"rev-slidebg tp-rs-img rs-lazyload\" data-lazyload=\"\/\/roxannejean.com\/wp-content\/plugins\/revslider\/public\/assets\/assets\/transparent.png\" data-bg=\"c:#09090b;\" data-no-retina>\n<!--\n\t\t\t\t\t\t\t--><rs-layer\n\t\t\t\t\t\t\t\tid=\"slider-13-slide-30-layer-1\" \n\t\t\t\t\t\t\t\tdata-type=\"image\"\n\t\t\t\t\t\t\t\tdata-rsp_ch=\"on\"\n\t\t\t\t\t\t\t\tdata-xy=\"x:c;y:c;yo:1px;\"\n\t\t\t\t\t\t\t\tdata-text=\"l:22;a:inherit;\"\n\t\t\t\t\t\t\t\tdata-dim=\"w:1100px;h:450px;\"\n\t\t\t\t\t\t\t\tdata-basealign=\"slide\"\n\t\t\t\t\t\t\t\tdata-frame_0=\"o:1;tp:600;\"\n\t\t\t\t\t\t\t\tdata-frame_1=\"tp:600;st:0;sp:9000;\"\n\t\t\t\t\t\t\t\tdata-frame_999=\"tp:600;st:w;sp:10;sR:0.00091552734375;\"\n\t\t\t\t\t\t\t\tstyle=\"z-index:5;\"\n\t\t\t\t\t\t\t><img src=\"\/\/roxannejean.com\/wp-content\/plugins\/revslider\/public\/assets\/assets\/dummy.png\" alt=\"french voice over talent\" class=\"tp-rs-img rs-lazyload\" width=\"1100\" height=\"450\" data-lazyload=\"\/\/roxannejean.com\/wp-content\/uploads\/2017\/03\/RJ-96-slider.jpg\" data-no-retina> \n\t\t\t\t\t\t\t<\/rs-layer><!--\n-->\t\t\t\t\t\t<\/rs-slide>\n\t\t\t\t\t<\/rs-slides>\n\t\t\t\t<\/rs-module>\n\t\t\t\t<script>\n\t\t\t\t\tsetREVStartSize({c: 'rev_slider_13_1',rl:[1240,1024,778,480],el:[],gw:[1100],gh:[450],type:'hero',justify:'',layout:'fullwidth',mh:\"0\"});if (window.RS_MODULES!==undefined && window.RS_MODULES.modules!==undefined && window.RS_MODULES.modules[\"revslider131\"]!==undefined) {window.RS_MODULES.modules[\"revslider131\"].once = false;window.revapi13 = undefined;if (window.RS_MODULES.checkMinimal!==undefined) window.RS_MODULES.checkMinimal()}\n\t\t\t\t<\/script>\n\t\t\t<\/rs-module-wrap>\n\t\t\t<!-- END REVOLUTION SLIDER -->\n<\/div><div class=\"fusion-clearfix\"><\/div><\/div><\/div><\/div><\/div><div class=\"fusion-fullwidth fullwidth-box fusion-builder-row-2 nonhundred-percent-fullwidth non-hundred-percent-height-scrolling\" style=\"background-color: rgba(255,255,255,0);background-position: center center;background-repeat: no-repeat;padding-top:0px;padding-right:0px;padding-bottom:0px;padding-left:0px;margin-bottom: 0px;margin-top: 0px;border-width: 0px 0px 0px 0px;border-color:#eae9e9;border-style:solid;\" ><div class=\"fusion-builder-row fusion-row\"><div class=\"fusion-layout-column fusion_builder_column fusion-builder-column-1 fusion_builder_column_2_3 2_3 fusion-two-third fusion-column-first\" style=\"width:66.666666666667%;width:calc(66.666666666667% - ( ( 4% + 4% ) * 0.66666666666667 ) );margin-right: 4%;margin-top:0px;margin-bottom:20px;\"><div class=\"fusion-column-wrapper fusion-flex-column-wrapper-legacy\" style=\"background-position:left top;background-repeat:no-repeat;-webkit-background-size:cover;-moz-background-size:cover;-o-background-size:cover;background-size:cover;padding: 0px 0px 0px 0px;\"><div class=\"fusion-builder-row fusion-builder-row-inner fusion-row\"><div class=\"fusion-layout-column fusion_builder_column_inner fusion-builder-nested-column-0 fusion_builder_column_inner_1_1 1_1 fusion-one-full fusion-column-first fusion-column-last\" style=\"margin-top:35px;margin-bottom:0px;\"><div class=\"fusion-column-wrapper fusion-flex-column-wrapper-legacy\" style=\"background-position:left top;background-repeat:no-repeat;-webkit-background-size:cover;-moz-background-size:cover;-o-background-size:cover;background-size:cover;background-color:rgba(244,242,242,0);padding: 35px 0px 0px 0px;\"><style type=\"text\/css\"><\/style><div class=\"fusion-title title fusion-title-1 fusion-sep-none fusion-title-text fusion-title-size-one\" style=\"margin-top:0px;margin-right:0px;margin-bottom:31px;margin-left:0px;\"><h1 class=\"title-heading-left\" style=\"margin:0;\"><strong>Livres audio<\/strong><\/h1><\/div><div class=\"fusion-clearfix\"><\/div><\/div><\/div><\/div><div class=\"fusion-text fusion-text-1\"><p>Roxanne Jean n\u2019est pas seulement la r\u00e9f\u00e9rence vocale francophone en mati\u00e8re de voix hors champ; elle est \u00e9galement une narratrice de livres hors pair! Roxanne a eu le grand honneur d\u2019\u00eatre choisie pour pr\u00eater sa voix aux versions francophones de deux livres audio de Tanya Anne Crosby, auteure de romans \u00e0 suspense bien connue. Tanya Anne Crosby, qui a vendu plus de deux millions de livres, offre une prose des plus expressive dans un style color\u00e9 riche en \u00e9motions maniant l\u2019humour avec brio. C\u2019est au terme d\u2019un tri tr\u00e8s s\u00e9lectif qu\u2019elle a finalement choisi Roxanne pour lire ses livres aux francophones du monde entier.<\/p>\n<\/div><div class=\"fusion-text fusion-text-2\"><p>Tanya Anne Crosby est une auteure \u00e0 succ\u00e8s cit\u00e9e par le New York Times et USA Today. Son \u0153uvre, qui compte vingt-cinq romans traduits en huit langues, a \u00e9t\u00e9 soulign\u00e9e dans plusieurs revues telles que People, Romantic Times et Publisher&rsquo;s Weekly.<\/p>\n<\/div><div class=\"fusion-clearfix\"><\/div><\/div><\/div><div class=\"fusion-layout-column fusion_builder_column fusion-builder-column-2 fusion_builder_column_1_6 1_6 fusion-one-sixth\" style=\"width:16.666666666667%;width:calc(16.666666666667% - ( ( 4% + 4% ) * 0.16666666666667 ) );margin-right: 4%;margin-top:0px;margin-bottom:20px;\"><div class=\"fusion-column-wrapper fusion-flex-column-wrapper-legacy\" style=\"background-position:left top;background-repeat:no-repeat;-webkit-background-size:cover;-moz-background-size:cover;-o-background-size:cover;background-size:cover;padding: 175px 0px 0px 0px;\"><span class=\" fusion-imageframe imageframe-dropshadow imageframe-1 hover-type-none fusion-animated\" style=\"-webkit-box-shadow: 3px 3px 7px rgba(0,0,0,0.3);box-shadow: 3px 3px 7px rgba(0,0,0,0.3);\" data-animationType=\"fadeInLeft\" data-animationDuration=\"0.3\" data-animationOffset=\"top-into-view\"><img decoding=\"async\" width=\"300\" height=\"300\" title=\"51o466SKM+L._SL300_\" src=\"http:\/\/roxannejean.com\/wp-content\/uploads\/2017\/04\/51o466SKML._SL300_.jpg\" alt class=\"img-responsive wp-image-1344\" srcset=\"https:\/\/roxannejean.com\/wp-content\/uploads\/2017\/04\/51o466SKML._SL300_-200x200.jpg 200w, https:\/\/roxannejean.com\/wp-content\/uploads\/2017\/04\/51o466SKML._SL300_.jpg 300w\" sizes=\"(max-width: 800px) 100vw, 200px\" \/><\/span><div class=\"fusion-sep-clear\"><\/div><div class=\"fusion-separator fusion-full-width-sep\" style=\"margin-left: auto;margin-right: auto;margin-top:15px;width:100%;\"><\/div><div class=\"fusion-sep-clear\"><\/div><div class=\"fusion-aligncenter\"><style>.fusion-button.button-1{border-radius:2px 2px 2px 2px;}<\/style><a class=\"fusion-button button-flat fusion-button-default-size button-default button-1 fusion-button-default-span fusion-button-default-type\" target=\"_blank\" rel=\"noopener noreferrer\" href=\"http:\/\/adbl.co\/2ojy4Lr \"><span class=\"fusion-button-text\">INFO<\/span><\/a><\/div><div class=\"fusion-clearfix\"><\/div><\/div><\/div><div class=\"fusion-layout-column fusion_builder_column fusion-builder-column-3 fusion_builder_column_1_6 1_6 fusion-one-sixth fusion-column-last\" style=\"width:16.666666666667%;width:calc(16.666666666667% - ( ( 4% + 4% ) * 0.16666666666667 ) );margin-top:0px;margin-bottom:20px;\"><div class=\"fusion-column-wrapper fusion-flex-column-wrapper-legacy\" style=\"background-position:left top;background-repeat:no-repeat;-webkit-background-size:cover;-moz-background-size:cover;-o-background-size:cover;background-size:cover;padding: 175px 0px 0px 0px;\"><span class=\" fusion-imageframe imageframe-dropshadow imageframe-2 hover-type-none fusion-animated\" style=\"-webkit-box-shadow: 3px 3px 7px rgba(0,0,0,0.3);box-shadow: 3px 3px 7px rgba(0,0,0,0.3);\" data-animationType=\"fadeInLeft\" data-animationDuration=\"0.3\" data-animationOffset=\"top-into-view\"><img decoding=\"async\" width=\"300\" height=\"300\" title=\"51Bb40VAOQL._SL300_\" src=\"http:\/\/roxannejean.com\/wp-content\/uploads\/2017\/04\/51Bb40VAOQL._SL300_.jpg\" alt class=\"img-responsive wp-image-1346\" srcset=\"https:\/\/roxannejean.com\/wp-content\/uploads\/2017\/04\/51Bb40VAOQL._SL300_-200x200.jpg 200w, https:\/\/roxannejean.com\/wp-content\/uploads\/2017\/04\/51Bb40VAOQL._SL300_.jpg 300w\" sizes=\"(max-width: 800px) 100vw, 200px\" \/><\/span><div class=\"fusion-sep-clear\"><\/div><div class=\"fusion-separator fusion-full-width-sep\" style=\"margin-left: auto;margin-right: auto;margin-top:15px;width:100%;\"><\/div><div class=\"fusion-sep-clear\"><\/div><div class=\"fusion-aligncenter\"><style>.fusion-button.button-2{border-radius:2px 2px 2px 2px;}<\/style><a class=\"fusion-button button-flat fusion-button-default-size button-default button-2 fusion-button-default-span fusion-button-default-type\" target=\"_blank\" rel=\"noopener noreferrer\" href=\"http:\/\/adbl.co\/2nrxmwg \"><span class=\"fusion-button-text\">INFO<\/span><\/a><\/div><div class=\"fusion-clearfix\"><\/div><\/div><\/div><\/div><\/div><div class=\"fusion-fullwidth fullwidth-box fusion-builder-row-3 nonhundred-percent-fullwidth non-hundred-percent-height-scrolling\" style=\"background-color: rgba(226,226,226,0);background-position: center center;background-repeat: no-repeat;padding-top:0px;padding-right:0px;padding-bottom:0px;padding-left:0px;margin-bottom: 0px;margin-top: 0px;border-width: 0px 0px 0px 0px;border-color:#eae9e9;border-style:solid;\" ><div class=\"fusion-builder-row fusion-row\"><div class=\"fusion-layout-column fusion_builder_column fusion-builder-column-4 fusion_builder_column_1_5 1_5 fusion-one-fifth fusion-column-first\" style=\"width:20%;width:calc(20% - ( ( 4% ) * 0.2 ) );margin-right: 4%;margin-top:0px;margin-bottom:20px;\"><div class=\"fusion-column-wrapper fusion-flex-column-wrapper-legacy\" style=\"background-position:left top;background-repeat:no-repeat;-webkit-background-size:cover;-moz-background-size:cover;-o-background-size:cover;background-size:cover;padding: 15px 0px 0px 0px;\"><span class=\" fusion-imageframe imageframe-dropshadow imageframe-3 hover-type-none fusion-animated\" style=\"-webkit-box-shadow: 3px 3px 7px rgba(0,0,0,0.3);box-shadow: 3px 3px 7px rgba(0,0,0,0.3);\" data-animationType=\"fadeInLeft\" data-animationDuration=\"0.3\" data-animationOffset=\"top-into-view\"><img decoding=\"async\" width=\"662\" height=\"1024\" title=\"TanyaAnne Crosby\" src=\"http:\/\/roxannejean.com\/wp-content\/uploads\/2017\/04\/TanyaAnne-Crosby-662x1024.jpg\" alt class=\"img-responsive wp-image-1339\" srcset=\"https:\/\/roxannejean.com\/wp-content\/uploads\/2017\/04\/TanyaAnne-Crosby-200x309.jpg 200w, https:\/\/roxannejean.com\/wp-content\/uploads\/2017\/04\/TanyaAnne-Crosby-400x619.jpg 400w, https:\/\/roxannejean.com\/wp-content\/uploads\/2017\/04\/TanyaAnne-Crosby-600x928.jpg 600w, https:\/\/roxannejean.com\/wp-content\/uploads\/2017\/04\/TanyaAnne-Crosby-800x1238.jpg 800w, https:\/\/roxannejean.com\/wp-content\/uploads\/2017\/04\/TanyaAnne-Crosby.jpg 1000w\" sizes=\"(max-width: 800px) 100vw, 400px\" \/><\/span><div class=\"fusion-clearfix\"><\/div><\/div><\/div><div class=\"fusion-layout-column fusion_builder_column fusion-builder-column-5 fusion_builder_column_4_5 4_5 fusion-four-fifth fusion-column-last\" style=\"width:80%;width:calc(80% - ( ( 4% ) * 0.8 ) );margin-top:0px;margin-bottom:20px;\"><div class=\"fusion-column-wrapper fusion-flex-column-wrapper-legacy\" style=\"background-position:left top;background-repeat:no-repeat;-webkit-background-size:cover;-moz-background-size:cover;-o-background-size:cover;background-size:cover;padding: 0px 0px 0px 0px;\"><div class=\"fusion-text fusion-text-3\"><p>\u00ab\u00a0J\u2019ai trouv\u00e9 la perle rare que je cherchais et la cl\u00e9 de la r\u00e9ussite de ce projet\u00a0: la narratrice Roxanne Jean.\u00a0\u00bb &#8211; Tanya Anne Crosby<\/p>\n<\/div><div class=\"fusion-clearfix\"><\/div><\/div><\/div><\/div><\/div><div class=\"fusion-fullwidth fullwidth-box fusion-builder-row-4 nonhundred-percent-fullwidth non-hundred-percent-height-scrolling fusion-equal-height-columns\" style=\"background-color: #f4f2f2;background-position: center center;background-repeat: no-repeat;padding-top:60px;padding-right:0px;padding-bottom:60px;padding-left:0px;margin-top: 0px;border-width: 0px 0px 0px 0px;border-color:#eae9e9;border-style:solid;\" ><div class=\"fusion-builder-row fusion-row\"><div class=\"fusion-layout-column fusion_builder_column fusion-builder-column-6 fusion_builder_column_1_1 1_1 fusion-one-full fusion-column-first fusion-column-last\" style=\"margin-top:0px;margin-bottom:0px;\"><div class=\"fusion-column-wrapper fusion-flex-column-wrapper-legacy\" style=\"background-position:left top;background-repeat:no-repeat;-webkit-background-size:cover;-moz-background-size:cover;-o-background-size:cover;background-size:cover;padding: 0px 0px 0px 0px;\"><div class=\"fusion-column-content-centered\"><div class=\"fusion-column-content\"><div class=\"fusion-builder-row fusion-builder-row-inner fusion-row\"><div class=\"fusion-layout-column fusion_builder_column_inner fusion-builder-nested-column-1 fusion_builder_column_inner_4_5 4_5 fusion-four-fifth fusion-column-first\" style=\"width:80%;width:calc(80% - ( ( 4% ) * 0.8 ) );margin-right: 4%;margin-top:0px;margin-bottom:0px;\"><div class=\"fusion-column-wrapper fusion-flex-column-wrapper-legacy\" style=\"background-position:left top;background-repeat:no-repeat;-webkit-background-size:cover;-moz-background-size:cover;-o-background-size:cover;background-size:cover;padding: 0px 0px 0px 0px;\"><div class=\"fusion-column-content-centered\"><div class=\"fusion-column-content\"><style type='text\/css'>.reading-box-container-1 .element-bottomshadow:before,.reading-box-container-1 .element-bottomshadow:after{opacity:0.7;}<\/style><div class=\"fusion-reading-box-container reading-box-container-1\" style=\"margin-top:0px;margin-bottom:0px;\"><div class=\"reading-box\" style=\"background-color:rgba(246,246,246,0);border-width:1px;border-color:#f6f6f6;border-left-width:3px;border-left-color:var(--primary_color);border-style:solid;\"><h2>Vous avez un message \u00e0 livrer \u00e0 un public francophone?<\/h2><div class=\"reading-box-description fusion-reading-box-additional\">Si vous avez besoin d'un talent vocal hors pair pour promouvoir votre entreprise et votre marque aupr\u00e8s du public francophone, vous pouvez compter sur la r\u00e9putation et l'expertise de Roxanne pour transmettre le bon message et redorer la signature vocale de votre marque.<\/div><div class=\"fusion-clearfix\"><\/div><\/div><\/div><\/div><\/div><div class=\"fusion-clearfix\"><\/div><\/div><\/div><div class=\"fusion-layout-column fusion_builder_column_inner fusion-builder-nested-column-2 fusion_builder_column_inner_1_5 1_5 fusion-one-fifth fusion-column-last fusion-column-inner-bg-wrapper\" style=\"width:20%;width:calc(20% - ( ( 4% ) * 0.2 ) );margin-top:0px;margin-bottom:0px;\"><div class=\"fusion-column-wrapper fusion-flex-column-wrapper-legacy\" style=\"padding: 0px 0px 0px 0px;\"><div class=\"fusion-column-content-centered\"><div class=\"fusion-column-content\"><div class=\"fusion-aligncenter\"><style>.fusion-button.button-3{border-color:#ffffff;border-radius:2px 2px 2px 2px;background:#ee2a7b;background-image:linear-gradient(180deg,#ee2a7b 0%,#d7006d 100%);}.fusion-button.button-3 .fusion-button-text,.fusion-button.button-3 i,.fusion-button.button-3:hover .fusion-button-text,.fusion-button.button-3:hover i,.fusion-button.button-3:focus .fusion-button-text,.fusion-button.button-3:focus i,.fusion-button.button-3:active .fusion-button-text,.fusion-button.button-3:active i{color:#ffffff;}.fusion-button.button-3:hover,.fusion-button.button-3:active,.fusion-button.button-3:focus{border-color:#ffffff;background:#d7006d;background-image:linear-gradient(180deg,#d7006d 0%,#ee2a7b 100%);}<\/style><a class=\"fusion-button button-flat button-xlarge button-custom button-3 fusion-button-default-span fusion-button-default-type\" target=\"_self\" href=\"http:\/\/roxannejean.com\/fr\/contact\/\"><span class=\"fusion-button-text\">R\u00c9SERVER MAINTENANT<\/span><\/a><\/div><\/div><\/div><div class=\"fusion-clearfix\"><\/div><\/div><span class=\"fusion-column-inner-bg hover-type-none\"><a class=\"fusion-column-anchor\" href=\"http:\/\/roxannejean.com\/fr\/contact\/\"><span class=\"fusion-column-inner-bg-image\" style=\"background-position:left top;background-repeat:no-repeat;-webkit-background-size:cover;-moz-background-size:cover;-o-background-size:cover;background-size:cover;\"><\/span><\/a><\/span><\/div><\/div><\/div><\/div><div class=\"fusion-clearfix\"><\/div><\/div><\/div><\/div><\/div><\/p>\n","protected":false},"excerpt":{"rendered":"","protected":false},"author":1,"featured_media":0,"parent":0,"menu_order":0,"comment_status":"closed","ping_status":"closed","template":"100-width.php","meta":[],"yoast_head":"<!-- This site is optimized with the Yoast SEO plugin v20.1 - https:\/\/yoast.com\/wordpress\/plugins\/seo\/ -->\n<title>Livres audio | Roxanne Jean<\/title>\n<meta name=\"robots\" content=\"index, follow, max-snippet:-1, max-image-preview:large, max-video-preview:-1\" \/>\n<link rel=\"canonical\" href=\"https:\/\/roxannejean.com\/fr\/livres-audio\/\" \/>\n<meta property=\"og:locale\" content=\"fr_FR\" \/>\n<meta property=\"og:type\" content=\"article\" \/>\n<meta property=\"og:title\" content=\"Livres audio | Roxanne Jean\" \/>\n<meta property=\"og:url\" content=\"https:\/\/roxannejean.com\/fr\/livres-audio\/\" \/>\n<meta property=\"og:site_name\" content=\"Roxanne Jean\" \/>\n<meta property=\"article:modified_time\" content=\"2017-07-05T13:23:55+00:00\" \/>\n<meta name=\"twitter:card\" content=\"summary_large_image\" \/>\n<meta name=\"twitter:label1\" content=\"Dur\u00e9e de lecture estim\u00e9e\" \/>\n\t<meta name=\"twitter:data1\" content=\"9 minutes\" \/>\n<script type=\"application\/ld+json\" class=\"yoast-schema-graph\">{\"@context\":\"https:\/\/schema.org\",\"@graph\":[{\"@type\":\"WebPage\",\"@id\":\"https:\/\/roxannejean.com\/fr\/livres-audio\/\",\"url\":\"https:\/\/roxannejean.com\/fr\/livres-audio\/\",\"name\":\"Livres audio | Roxanne Jean\",\"isPartOf\":{\"@id\":\"https:\/\/roxannejean.com\/#website\"},\"datePublished\":\"2017-07-04T14:54:18+00:00\",\"dateModified\":\"2017-07-05T13:23:55+00:00\",\"breadcrumb\":{\"@id\":\"https:\/\/roxannejean.com\/fr\/livres-audio\/#breadcrumb\"},\"inLanguage\":\"fr-FR\",\"potentialAction\":[{\"@type\":\"ReadAction\",\"target\":[\"https:\/\/roxannejean.com\/fr\/livres-audio\/\"]}]},{\"@type\":\"BreadcrumbList\",\"@id\":\"https:\/\/roxannejean.com\/fr\/livres-audio\/#breadcrumb\",\"itemListElement\":[{\"@type\":\"ListItem\",\"position\":1,\"name\":\"Home\",\"item\":\"https:\/\/roxannejean.com\/fr\/\"},{\"@type\":\"ListItem\",\"position\":2,\"name\":\"Livres audio\"}]},{\"@type\":\"WebSite\",\"@id\":\"https:\/\/roxannejean.com\/#website\",\"url\":\"https:\/\/roxannejean.com\/\",\"name\":\"Roxanne Jean\",\"description\":\"Stellar French Canadian Voice-Over Talent\",\"potentialAction\":[{\"@type\":\"SearchAction\",\"target\":{\"@type\":\"EntryPoint\",\"urlTemplate\":\"https:\/\/roxannejean.com\/?s={search_term_string}\"},\"query-input\":\"required name=search_term_string\"}],\"inLanguage\":\"fr-FR\"}]}<\/script>\n<!-- \/ Yoast SEO plugin. -->","yoast_head_json":{"title":"Livres audio | Roxanne Jean","robots":{"index":"index","follow":"follow","max-snippet":"max-snippet:-1","max-image-preview":"max-image-preview:large","max-video-preview":"max-video-preview:-1"},"canonical":"https:\/\/roxannejean.com\/fr\/livres-audio\/","og_locale":"fr_FR","og_type":"article","og_title":"Livres audio | Roxanne Jean","og_url":"https:\/\/roxannejean.com\/fr\/livres-audio\/","og_site_name":"Roxanne Jean","article_modified_time":"2017-07-05T13:23:55+00:00","twitter_card":"summary_large_image","twitter_misc":{"Dur\u00e9e de lecture estim\u00e9e":"9 minutes"},"schema":{"@context":"https:\/\/schema.org","@graph":[{"@type":"WebPage","@id":"https:\/\/roxannejean.com\/fr\/livres-audio\/","url":"https:\/\/roxannejean.com\/fr\/livres-audio\/","name":"Livres audio | Roxanne Jean","isPartOf":{"@id":"https:\/\/roxannejean.com\/#website"},"datePublished":"2017-07-04T14:54:18+00:00","dateModified":"2017-07-05T13:23:55+00:00","breadcrumb":{"@id":"https:\/\/roxannejean.com\/fr\/livres-audio\/#breadcrumb"},"inLanguage":"fr-FR","potentialAction":[{"@type":"ReadAction","target":["https:\/\/roxannejean.com\/fr\/livres-audio\/"]}]},{"@type":"BreadcrumbList","@id":"https:\/\/roxannejean.com\/fr\/livres-audio\/#breadcrumb","itemListElement":[{"@type":"ListItem","position":1,"name":"Home","item":"https:\/\/roxannejean.com\/fr\/"},{"@type":"ListItem","position":2,"name":"Livres audio"}]},{"@type":"WebSite","@id":"https:\/\/roxannejean.com\/#website","url":"https:\/\/roxannejean.com\/","name":"Roxanne Jean","description":"Stellar French Canadian Voice-Over Talent","potentialAction":[{"@type":"SearchAction","target":{"@type":"EntryPoint","urlTemplate":"https:\/\/roxannejean.com\/?s={search_term_string}"},"query-input":"required name=search_term_string"}],"inLanguage":"fr-FR"}]}},"_links":{"self":[{"href":"https:\/\/roxannejean.com\/fr\/wp-json\/wp\/v2\/pages\/1878"}],"collection":[{"href":"https:\/\/roxannejean.com\/fr\/wp-json\/wp\/v2\/pages"}],"about":[{"href":"https:\/\/roxannejean.com\/fr\/wp-json\/wp\/v2\/types\/page"}],"author":[{"embeddable":true,"href":"https:\/\/roxannejean.com\/fr\/wp-json\/wp\/v2\/users\/1"}],"replies":[{"embeddable":true,"href":"https:\/\/roxannejean.com\/fr\/wp-json\/wp\/v2\/comments?post=1878"}],"version-history":[{"count":0,"href":"https:\/\/roxannejean.com\/fr\/wp-json\/wp\/v2\/pages\/1878\/revisions"}],"wp:attachment":[{"href":"https:\/\/roxannejean.com\/fr\/wp-json\/wp\/v2\/media?parent=1878"}],"curies":[{"name":"wp","href":"https:\/\/api.w.org\/{rel}","templated":true}]}}