{"id":1803,"date":"2017-07-03T19:52:57","date_gmt":"2017-07-03T23:52:57","guid":{"rendered":"http:\/\/roxannejean.com\/services\/"},"modified":"2019-12-14T04:27:01","modified_gmt":"2019-12-14T09:27:01","slug":"services","status":"publish","type":"page","link":"https:\/\/roxannejean.com\/fr\/services\/","title":{"rendered":"Services"},"content":{"rendered":"<p><div class=\"fusion-fullwidth fullwidth-box fusion-builder-row-1 nonhundred-percent-fullwidth non-hundred-percent-height-scrolling\" style=\"background-color: rgba(255,255,255,0);background-position: center center;background-repeat: no-repeat;padding-top:0px;padding-right:0px;padding-bottom:0px;padding-left:0px;margin-bottom: 0px;margin-top: 22px;border-width: 0px 0px 0px 0px;border-color:#eae9e9;border-style:solid;\" ><div class=\"fusion-builder-row fusion-row\"><div class=\"fusion-layout-column fusion_builder_column fusion-builder-column-0 fusion_builder_column_1_1 1_1 fusion-one-full fusion-column-first fusion-column-last\" style=\"margin-top:0px;margin-bottom:40px;\"><div class=\"fusion-column-wrapper fusion-flex-column-wrapper-legacy\" style=\"background-position:left top;background-repeat:no-repeat;-webkit-background-size:cover;-moz-background-size:cover;-o-background-size:cover;background-size:cover;padding: 0px 0px 0px 0px;\"><style type=\"text\/css\"><\/style><div class=\"fusion-title title fusion-title-1 fusion-sep-none fusion-title-text fusion-title-size-one\" style=\"margin-top:0px;margin-right:0px;margin-bottom:31px;margin-left:0px;\"><h1 class=\"title-heading-left\" style=\"margin:0;\"><p style=\"text-align: center;\">Faites appel aux services experts de Roxanne Jean!<\/p><\/h1><\/div><div class=\"fusion-clearfix\"><\/div><\/div><\/div><\/div><\/div><div class=\"fusion-fullwidth fullwidth-box fusion-builder-row-2 nonhundred-percent-fullwidth non-hundred-percent-height-scrolling\" style=\"background-color: rgba(255,255,255,0);background-position: center center;background-repeat: no-repeat;padding-top:0px;padding-right:0px;padding-bottom:0px;padding-left:0px;margin-bottom: 0px;margin-top: 0px;border-width: 0px 0px 0px 0px;border-color:#eae9e9;border-style:solid;\" ><div class=\"fusion-builder-row fusion-row\"><div class=\"fusion-layout-column fusion_builder_column fusion-builder-column-1 fusion_builder_column_1_2 1_2 fusion-one-half fusion-column-first web-line\" style=\"width:50%;width:calc(50% - ( ( 4% ) * 0.5 ) );margin-right: 4%;margin-top:0px;margin-bottom:20px;\"><div class=\"fusion-column-wrapper fusion-flex-column-wrapper-legacy\" style=\"background-position:left top;background-repeat:no-repeat;-webkit-background-size:cover;-moz-background-size:cover;-o-background-size:cover;background-size:cover;padding: 0px 0px 0px 0px;\"><div class=\"fusion-text fusion-text-1\"><h2>R\u00e9alisations en voix hors champ<\/h2>\n<ul>\n<li><a href=\"http:\/\/roxannejean.com\/fr\/publicites-televisees-et-radiophoniques\/\">Publicit\u00e9s (TV &amp; radio)<\/a><\/li>\n<li><a href=\"http:\/\/roxannejean.com\/fr\/videos-explicatives\/\">Vid\u00e9os explicatives<\/a><\/li>\n<li><a href=\"http:\/\/roxannejean.com\/fr\/narration-doutils-dapprentissage-en-ligne\/\">eLearning<\/a><\/li>\n<li><a href=\"http:\/\/roxannejean.com\/fr\/narration-pour-entreprises\/\">Narration<\/a><\/li>\n<li><a href=\"http:\/\/roxannejean.com\/fr\/narration-medicale-et-pharmaceutique\/\">Narration m\u00e9dicale<\/a><\/li>\n<li><a href=\"http:\/\/roxannejean.com\/fr\/narration-automobile\/\">Syst\u00e8mes GPS<\/a><\/li>\n<li><a href=\"http:\/\/roxannejean.com\/fr\/jouets-jeux-et-applications-mobiles\/\">Applications<\/a><\/li>\n<li><a href=\"http:\/\/roxannejean.com\/fr\/livres-audio\/\">Livres audio<\/a><\/li>\n<li>Documentaires<\/li>\n<li>Personnages et animation<\/li>\n<li>Promotions (bandes-annonces\u2026)<\/li>\n<li>Messagerie vocale<\/li>\n<li>Doublage et surimpression vocale<\/li>\n<\/ul>\n<\/div><div class=\"fusion-clearfix\"><\/div><\/div><\/div><div class=\"fusion-layout-column fusion_builder_column fusion-builder-column-2 fusion_builder_column_1_2 1_2 fusion-one-half fusion-column-last web-sec\" style=\"width:50%;width:calc(50% - ( ( 4% ) * 0.5 ) );margin-top:0px;margin-bottom:20px;\"><div class=\"fusion-column-wrapper fusion-flex-column-wrapper-legacy\" style=\"background-position:left top;background-repeat:no-repeat;-webkit-background-size:cover;-moz-background-size:cover;-o-background-size:cover;background-size:cover;padding: 0px 0px 0px 0px;\"><div class=\"fusion-text fusion-text-2\"><h2>Les s\u00e9ances en direct possible via<span style=\"color: var(--h2_typography-color); font-family: var(--h2_typography-font-family); font-size: var(--h2_typography-font-size); font-style: var(--h2_typography-font-style,normal); letter-spacing: var(--h2_typography-letter-spacing); background-color: rgba(255, 255, 255, 0);\"><\/span><\/h2>\n<ul>\n<li>ISDN \/ Source-Connect \/ t\u00e9l\u00e9phone \/ Skype \/ ZOOM<\/li>\n<\/ul>\n<\/div><div class=\"fusion-text fusion-text-3\"><h2><\/h2>\n<h2>Studio d\u2019enregistrement professionnel<\/h2>\n<ul class=\"ol1\">\n<li class=\"li1\">Microphones Neumann TLM 103\/ Neumann U89 <\/li>\n<li class=\"li1\">Adobe Audition CC\/ Pro Tools \/ Cubase \/ SPL Channel One \/ API 512\/ RME FireFace\/ Lynx\/ Aardvark Digital Audio Denemark (DAD)  et de nombreux plugins.<\/li>\n<\/ul>\n<\/div><div class=\"fusion-clearfix\"><\/div><\/div><\/div><\/div><\/div><div class=\"fusion-fullwidth fullwidth-box fusion-builder-row-3 nonhundred-percent-fullwidth non-hundred-percent-height-scrolling fusion-equal-height-columns\" style=\"background-color: #f4f2f2;background-position: center center;background-repeat: no-repeat;padding-top:0px;padding-right:0px;padding-bottom:0px;padding-left:0px;margin-bottom: 0px;margin-top: 0px;border-width: 0px 0px 0px 0px;border-color:#eae9e9;border-style:solid;\" ><div class=\"fusion-builder-row fusion-row\"><div class=\"fusion-layout-column fusion_builder_column fusion-builder-column-3 fusion_builder_column_1_1 1_1 fusion-one-full fusion-column-first fusion-column-last\" style=\"margin-top:0px;margin-bottom:0px;\"><div class=\"fusion-column-wrapper fusion-flex-column-wrapper-legacy\" style=\"background-position:left top;background-repeat:no-repeat;-webkit-background-size:cover;-moz-background-size:cover;-o-background-size:cover;background-size:cover;padding: 0px 0px 0px 0px;\"><div class=\"fusion-column-content-centered\"><div class=\"fusion-column-content\"><div class=\"fusion-builder-row fusion-builder-row-inner fusion-row\"><div class=\"fusion-layout-column fusion_builder_column_inner fusion-builder-nested-column-0 fusion_builder_column_inner_1_1 1_1 fusion-one-full fusion-column-first fusion-column-last\" style=\"margin-top:0px;margin-bottom:0px;\"><div class=\"fusion-column-wrapper fusion-flex-column-wrapper-legacy\" style=\"background-position:left top;background-repeat:no-repeat;-webkit-background-size:cover;-moz-background-size:cover;-o-background-size:cover;background-size:cover;padding: 20px 0px 0px 0px;\"><div class=\"fusion-column-content-centered\"><div class=\"fusion-column-content\"><style type='text\/css'>.reading-box-container-1 .element-bottomshadow:before,.reading-box-container-1 .element-bottomshadow:after{opacity:0.7;}<\/style><div class=\"fusion-reading-box-container reading-box-container-1\" style=\"margin-top:0px;margin-bottom:0px;\"><div class=\"reading-box element-bottomshadow\" style=\"background-color:#ffffff;border-width:4px;border-color:#ffffff;border-left-width:4px;border-left-color:var(--primary_color);border-style:solid;\"><h2>5 \u00e9l\u00e9ments qui placent Roxanne dans une classe \u00e0 part<\/h2><div class=\"reading-box-additional fusion-reading-box-additional\">\n<ol class=\"ol1\">\n<li>Elle offre un service courtois, professionnel et sans tracas.<\/li>\n<li>Elle d\u00e9tient une connaissance approfondie du march\u00e9 canadien-fran\u00e7ais.<\/li>\n<li>Elle d\u00e9tient l\u2019expertise pour faire correspondre la voix et le style recherch\u00e9s \u00e0 votre message.<\/li>\n<li>Elle assure une livraison rapide dans les 24 heures.<\/li>\n<li>Elle se sp\u00e9cialise en voix hors champ avec les accents suivants : fran\u00e7ais, qu\u00e9b\u00e9cois, canadien-fran\u00e7ais et fran\u00e7ais international<\/li>\n<\/ol>\n<\/div><div class=\"fusion-clearfix\"><\/div><\/div><\/div><\/div><\/div><div class=\"fusion-clearfix\"><\/div><\/div><\/div><div class=\"fusion-layout-column fusion_builder_column_inner fusion-builder-nested-column-1 fusion_builder_column_inner_1_1 1_1 fusion-one-full fusion-column-first fusion-column-last\" style=\"margin-top:0px;margin-bottom:0px;\"><div class=\"fusion-column-wrapper fusion-flex-column-wrapper-legacy\" style=\"background-position:left top;background-repeat:no-repeat;-webkit-background-size:cover;-moz-background-size:cover;-o-background-size:cover;background-size:cover;padding: 0px 0px 0px 0px;\"><div class=\"fusion-column-content-centered\"><div class=\"fusion-column-content\"><style type='text\/css'>.reading-box-container-2 .element-bottomshadow:before,.reading-box-container-2 .element-bottomshadow:after{opacity:0.60;}<\/style><div class=\"fusion-reading-box-container reading-box-container-2\" style=\"margin-top:-20px;margin-bottom:0px;\"><div class=\"reading-box element-bottomshadow\" style=\"background-color:#ffffff;border-width:4px;border-color:#ffffff;border-left-width:4px;border-left-color:var(--primary_color);border-style:solid;\"><div class=\"reading-box-additional\">\n<h3 style=\"text-align: center;\">Vous avez un message \u00e0 livrer \u00e0 un public francophone?<br \/><\/h3>\n<p style=\"text-align: center;\">Si vous avez besoin d&rsquo;un talent vocal hors pair pour promouvoir votre entreprise et votre marque aupr\u00e8s du public francophone, vous pouvez compter sur la r\u00e9putation et l&rsquo;expertise de Roxanne pour transmettre le bon message et redorer la signature vocale de votre marque.<\/p>\n<\/div><div class=\"fusion-clearfix\"><\/div><\/div><\/div><\/div><\/div><div class=\"fusion-clearfix\"><\/div><\/div><\/div><\/div><\/div><\/div><div class=\"fusion-clearfix\"><\/div><\/div><\/div><\/div><div class=\"fusion-builder-row fusion-row\"><\/div><\/div><\/p>\n","protected":false},"excerpt":{"rendered":"","protected":false},"author":1,"featured_media":0,"parent":0,"menu_order":0,"comment_status":"closed","ping_status":"closed","template":"100-width.php","meta":[],"yoast_head":"<!-- This site is optimized with the Yoast SEO plugin v20.1 - https:\/\/yoast.com\/wordpress\/plugins\/seo\/ -->\n<title>Services vocaux \u2502 Canada et clients internationaux<\/title>\n<meta name=\"description\" content=\"Roxanne Jean offre une voix rapide et fiable sur les services aux clients au Canada et aux clients internationaux depuis plus de 25 ans. Appelez: (514) 307-0297.\" \/>\n<meta name=\"robots\" content=\"index, follow, max-snippet:-1, max-image-preview:large, max-video-preview:-1\" \/>\n<link rel=\"canonical\" href=\"https:\/\/roxannejean.com\/fr\/services\/\" \/>\n<meta property=\"og:locale\" content=\"fr_FR\" \/>\n<meta property=\"og:type\" content=\"article\" \/>\n<meta property=\"og:title\" content=\"Services vocaux \u2502 Canada et clients internationaux\" \/>\n<meta property=\"og:description\" content=\"Roxanne Jean offre une voix rapide et fiable sur les services aux clients au Canada et aux clients internationaux depuis plus de 25 ans. Appelez: (514) 307-0297.\" \/>\n<meta property=\"og:url\" content=\"https:\/\/roxannejean.com\/fr\/services\/\" \/>\n<meta property=\"og:site_name\" content=\"Roxanne Jean\" \/>\n<meta property=\"article:modified_time\" content=\"2019-12-14T09:27:01+00:00\" \/>\n<meta name=\"twitter:card\" content=\"summary_large_image\" \/>\n<meta name=\"twitter:label1\" content=\"Dur\u00e9e de lecture estim\u00e9e\" \/>\n\t<meta name=\"twitter:data1\" content=\"6 minutes\" \/>\n<script type=\"application\/ld+json\" class=\"yoast-schema-graph\">{\"@context\":\"https:\/\/schema.org\",\"@graph\":[{\"@type\":\"WebPage\",\"@id\":\"https:\/\/roxannejean.com\/fr\/services\/\",\"url\":\"https:\/\/roxannejean.com\/fr\/services\/\",\"name\":\"Services vocaux \u2502 Canada et clients internationaux\",\"isPartOf\":{\"@id\":\"https:\/\/roxannejean.com\/#website\"},\"datePublished\":\"2017-07-03T23:52:57+00:00\",\"dateModified\":\"2019-12-14T09:27:01+00:00\",\"description\":\"Roxanne Jean offre une voix rapide et fiable sur les services aux clients au Canada et aux clients internationaux depuis plus de 25 ans. Appelez: (514) 307-0297.\",\"breadcrumb\":{\"@id\":\"https:\/\/roxannejean.com\/fr\/services\/#breadcrumb\"},\"inLanguage\":\"fr-FR\",\"potentialAction\":[{\"@type\":\"ReadAction\",\"target\":[\"https:\/\/roxannejean.com\/fr\/services\/\"]}]},{\"@type\":\"BreadcrumbList\",\"@id\":\"https:\/\/roxannejean.com\/fr\/services\/#breadcrumb\",\"itemListElement\":[{\"@type\":\"ListItem\",\"position\":1,\"name\":\"Home\",\"item\":\"https:\/\/roxannejean.com\/fr\/\"},{\"@type\":\"ListItem\",\"position\":2,\"name\":\"Services\"}]},{\"@type\":\"WebSite\",\"@id\":\"https:\/\/roxannejean.com\/#website\",\"url\":\"https:\/\/roxannejean.com\/\",\"name\":\"Roxanne Jean\",\"description\":\"Stellar French Canadian Voice-Over Talent\",\"potentialAction\":[{\"@type\":\"SearchAction\",\"target\":{\"@type\":\"EntryPoint\",\"urlTemplate\":\"https:\/\/roxannejean.com\/?s={search_term_string}\"},\"query-input\":\"required name=search_term_string\"}],\"inLanguage\":\"fr-FR\"}]}<\/script>\n<!-- \/ Yoast SEO plugin. -->","yoast_head_json":{"title":"Services vocaux \u2502 Canada et clients internationaux","description":"Roxanne Jean offre une voix rapide et fiable sur les services aux clients au Canada et aux clients internationaux depuis plus de 25 ans. Appelez: (514) 307-0297.","robots":{"index":"index","follow":"follow","max-snippet":"max-snippet:-1","max-image-preview":"max-image-preview:large","max-video-preview":"max-video-preview:-1"},"canonical":"https:\/\/roxannejean.com\/fr\/services\/","og_locale":"fr_FR","og_type":"article","og_title":"Services vocaux \u2502 Canada et clients internationaux","og_description":"Roxanne Jean offre une voix rapide et fiable sur les services aux clients au Canada et aux clients internationaux depuis plus de 25 ans. Appelez: (514) 307-0297.","og_url":"https:\/\/roxannejean.com\/fr\/services\/","og_site_name":"Roxanne Jean","article_modified_time":"2019-12-14T09:27:01+00:00","twitter_card":"summary_large_image","twitter_misc":{"Dur\u00e9e de lecture estim\u00e9e":"6 minutes"},"schema":{"@context":"https:\/\/schema.org","@graph":[{"@type":"WebPage","@id":"https:\/\/roxannejean.com\/fr\/services\/","url":"https:\/\/roxannejean.com\/fr\/services\/","name":"Services vocaux \u2502 Canada et clients internationaux","isPartOf":{"@id":"https:\/\/roxannejean.com\/#website"},"datePublished":"2017-07-03T23:52:57+00:00","dateModified":"2019-12-14T09:27:01+00:00","description":"Roxanne Jean offre une voix rapide et fiable sur les services aux clients au Canada et aux clients internationaux depuis plus de 25 ans. Appelez: (514) 307-0297.","breadcrumb":{"@id":"https:\/\/roxannejean.com\/fr\/services\/#breadcrumb"},"inLanguage":"fr-FR","potentialAction":[{"@type":"ReadAction","target":["https:\/\/roxannejean.com\/fr\/services\/"]}]},{"@type":"BreadcrumbList","@id":"https:\/\/roxannejean.com\/fr\/services\/#breadcrumb","itemListElement":[{"@type":"ListItem","position":1,"name":"Home","item":"https:\/\/roxannejean.com\/fr\/"},{"@type":"ListItem","position":2,"name":"Services"}]},{"@type":"WebSite","@id":"https:\/\/roxannejean.com\/#website","url":"https:\/\/roxannejean.com\/","name":"Roxanne Jean","description":"Stellar French Canadian Voice-Over Talent","potentialAction":[{"@type":"SearchAction","target":{"@type":"EntryPoint","urlTemplate":"https:\/\/roxannejean.com\/?s={search_term_string}"},"query-input":"required name=search_term_string"}],"inLanguage":"fr-FR"}]}},"_links":{"self":[{"href":"https:\/\/roxannejean.com\/fr\/wp-json\/wp\/v2\/pages\/1803"}],"collection":[{"href":"https:\/\/roxannejean.com\/fr\/wp-json\/wp\/v2\/pages"}],"about":[{"href":"https:\/\/roxannejean.com\/fr\/wp-json\/wp\/v2\/types\/page"}],"author":[{"embeddable":true,"href":"https:\/\/roxannejean.com\/fr\/wp-json\/wp\/v2\/users\/1"}],"replies":[{"embeddable":true,"href":"https:\/\/roxannejean.com\/fr\/wp-json\/wp\/v2\/comments?post=1803"}],"version-history":[{"count":0,"href":"https:\/\/roxannejean.com\/fr\/wp-json\/wp\/v2\/pages\/1803\/revisions"}],"wp:attachment":[{"href":"https:\/\/roxannejean.com\/fr\/wp-json\/wp\/v2\/media?parent=1803"}],"curies":[{"name":"wp","href":"https:\/\/api.w.org\/{rel}","templated":true}]}}