{"id":1645,"date":"2017-05-17T10:10:26","date_gmt":"2017-05-17T14:10:26","guid":{"rendered":"http:\/\/roxannejean.com\/demander-une-soumission\/"},"modified":"2017-05-17T10:17:56","modified_gmt":"2017-05-17T14:17:56","slug":"demander-une-soumission","status":"publish","type":"page","link":"https:\/\/roxannejean.com\/fr\/demander-une-soumission\/","title":{"rendered":"Demander une soumission"},"content":{"rendered":"<p><div class=\"fusion-fullwidth fullwidth-box fusion-builder-row-1 nonhundred-percent-fullwidth non-hundred-percent-height-scrolling\" style=\"background-color: rgba(255,255,255,0);background-position: center center;background-repeat: no-repeat;padding-top:20px;padding-right:0px;padding-bottom:0px;padding-left:0px;margin-bottom: 0px;margin-top: 0px;border-width: 0px 0px 0px 0px;border-color:#eae9e9;border-style:solid;\" ><div class=\"fusion-builder-row fusion-row\"><div class=\"fusion-layout-column fusion_builder_column fusion-builder-column-0 fusion_builder_column_1_1 1_1 fusion-one-full fusion-column-first fusion-column-last\" style=\"margin-top:0px;margin-bottom:20px;\"><div class=\"fusion-column-wrapper fusion-flex-column-wrapper-legacy\" style=\"background-position:left top;background-repeat:no-repeat;-webkit-background-size:cover;-moz-background-size:cover;-o-background-size:cover;background-size:cover;padding: 25px 0px 25px 0px;\"><div class=\"fusion-text fusion-text-1\"><h1>Demander une soumission<\/h1>\n<\/div><div class=\"fusion-clearfix\"><\/div><\/div><\/div><\/div><\/div><div class=\"fusion-fullwidth fullwidth-box fusion-builder-row-2 nonhundred-percent-fullwidth non-hundred-percent-height-scrolling\" style=\"background-color: rgba(255,255,255,0);background-position: center center;background-repeat: no-repeat;padding-top:0px;padding-right:0px;padding-bottom:0px;padding-left:0px;margin-bottom: 0px;margin-top: 0px;border-width: 0px 0px 0px 0px;border-color:#eae9e9;border-style:solid;\" ><div class=\"fusion-builder-row fusion-row\"><div class=\"fusion-layout-column fusion_builder_column fusion-builder-column-1 fusion_builder_column_1_1 1_1 fusion-one-full fusion-column-first fusion-column-last\" style=\"margin-top:0px;margin-bottom:20px;\"><div class=\"fusion-column-wrapper fusion-flex-column-wrapper-legacy\" style=\"background-position:left top;background-repeat:no-repeat;-webkit-background-size:cover;-moz-background-size:cover;-o-background-size:cover;background-size:cover;padding: 0px 0px 0px 0px;\"><div class=\"fusion-text fusion-text-2\"><p>T\u00e9l\u00e9phone: 1-514-307-0297<\/p>\n<h3><\/h3>\n<\/div><div class=\"fusion-text fusion-text-3\">\n<div class=\"wpcf7 no-js\" id=\"wpcf7-f1648-o1\" lang=\"en-US\" dir=\"ltr\">\n<div class=\"screen-reader-response\"><p role=\"status\" aria-live=\"polite\" aria-atomic=\"true\"><\/p> <ul><\/ul><\/div>\n<form action=\"\/fr\/wp-json\/wp\/v2\/pages\/1645#wpcf7-f1648-o1\" method=\"post\" class=\"wpcf7-form init\" aria-label=\"Contact form\" enctype=\"multipart\/form-data\" novalidate=\"novalidate\" data-status=\"init\">\n<div style=\"display: none;\">\n<input type=\"hidden\" name=\"_wpcf7\" value=\"1648\" \/>\n<input type=\"hidden\" name=\"_wpcf7_version\" value=\"5.7.4\" \/>\n<input type=\"hidden\" name=\"_wpcf7_locale\" value=\"en_US\" \/>\n<input type=\"hidden\" name=\"_wpcf7_unit_tag\" value=\"wpcf7-f1648-o1\" \/>\n<input type=\"hidden\" name=\"_wpcf7_container_post\" value=\"0\" \/>\n<input type=\"hidden\" name=\"_wpcf7_posted_data_hash\" value=\"\" \/>\n<input type=\"hidden\" name=\"_wpcf7_recaptcha_response\" value=\"\" \/>\n<\/div>\n<div id=\"responsive-form\" class=\"clearfix\">\n\t<div class=\"form-row\">\n\t\t<div class=\"column-half\">\n\t\t\t<p>Pr\u00e9nom <span class=\"required\">*<\/span><span class=\"wpcf7-form-control-wrap\" data-name=\"first-name\"><input size=\"40\" class=\"wpcf7-form-control wpcf7-text wpcf7-validates-as-required\" id=\"first-name\" aria-required=\"true\" aria-invalid=\"false\" value=\"\" type=\"text\" name=\"first-name\" \/><\/span>\n\t\t\t<\/p>\n\t\t<\/div>\n\t\t<div class=\"column-half\">\n\t\t\t<p>Nom de famille <span class=\"required\">*<\/span><span class=\"wpcf7-form-control-wrap\" data-name=\"last-name\"><input size=\"40\" class=\"wpcf7-form-control wpcf7-text wpcf7-validates-as-required\" id=\"last-name\" aria-required=\"true\" aria-invalid=\"false\" value=\"\" type=\"text\" name=\"last-name\" \/><\/span>\n\t\t\t<\/p>\n\t\t<\/div>\n\t\t<div class=\"form-row\">\n\t\t\t<div class=\"column-half\">\n\t\t\t\t<p>Entreprise <span class=\"required\">*<\/span><span class=\"wpcf7-form-control-wrap\" data-name=\"company\"><input size=\"40\" class=\"wpcf7-form-control wpcf7-text wpcf7-validates-as-required\" id=\"company\" aria-required=\"true\" aria-invalid=\"false\" value=\"\" type=\"text\" name=\"company\" \/><\/span>\n\t\t\t\t<\/p>\n\t\t\t<\/div>\n\t\t\t<div class=\"column-half\">\n\t\t\t\t<p>Courriel <span class=\"required\">*<\/span><span class=\"wpcf7-form-control-wrap\" data-name=\"email\"><input size=\"40\" class=\"wpcf7-form-control wpcf7-text wpcf7-email wpcf7-validates-as-required wpcf7-validates-as-email\" id=\"email\" aria-required=\"true\" aria-invalid=\"false\" value=\"\" type=\"email\" name=\"email\" \/><\/span>\n\t\t\t\t<\/p>\n\t\t\t<\/div>\n\t\t<\/div>\n\t\t<div class=\"form-row\">\n\t\t\t<div class=\"column-full\">\n\t\t\t\t<p>T\u00e9l\u00e9phone (avec indicatif r\u00e9gional) <span class=\"wpcf7-form-control-wrap\" data-name=\"phone\"><input size=\"40\" class=\"wpcf7-form-control wpcf7-text wpcf7-tel wpcf7-validates-as-required wpcf7-validates-as-tel\" id=\"phone\" aria-required=\"true\" aria-invalid=\"false\" value=\"\" type=\"tel\" name=\"phone\" \/><\/span>\n\t\t\t\t<\/p>\n\t\t\t<\/div>\n\t\t<\/div>\n\t\t<div class=\"form-row\">\n\t\t\t<div class=\"column-full\">\n\t\t\t\t<p>Type de projet<br \/>\n<span class=\"gfield_description\">(i.e. apprentissage en ligne, narration m\u00e9dicale, promo, syst\u00e8mes RVI, etc.)<\/span><span class=\"wpcf7-form-control-wrap\" data-name=\"type-of-project\"><textarea cols=\"40\" rows=\"10\" class=\"wpcf7-form-control wpcf7-textarea\" id=\"type-of-project\" aria-invalid=\"false\" name=\"type-of-project\"><\/textarea><\/span>\n\t\t\t\t<\/p>\n\t\t\t<\/div>\n\t\t<\/div>\n\t\t<div class=\"form-row\">\n\t\t\t<div class=\"column-half\">\n\t\t\t\t<p>Format audio demand\u00e9<span class=\"required\"><\/span><span class=\"wpcf7-form-control-wrap\" data-name=\"audio-format-requested\"><input size=\"40\" class=\"wpcf7-form-control wpcf7-text\" id=\"audio-format-requested\" aria-invalid=\"false\" value=\"\" type=\"text\" name=\"audio-format-requested\" \/><\/span>\n\t\t\t\t<\/p>\n\t\t\t<\/div>\n\t\t\t<div class=\"column-half\">\n\t\t\t\t<p>Nombre de mots<span class=\"required\"><\/span><span class=\"wpcf7-form-control-wrap\" data-name=\"number-of-word\"><input size=\"40\" class=\"wpcf7-form-control wpcf7-text\" id=\"number-of-word\" aria-invalid=\"false\" value=\"\" type=\"text\" name=\"number-of-word\" \/><\/span>\n\t\t\t\t<\/p>\n\t\t\t<\/div>\n\t\t<\/div>\n\t\t<div class=\"form-row\">\n\t\t\t<div class=\"column-half\">\n\t\t\t\t<p>Budget<span class=\"required\"><\/span><span class=\"wpcf7-form-control-wrap\" data-name=\"Budget\"><input size=\"40\" class=\"wpcf7-form-control wpcf7-text\" id=\"Budget\" aria-invalid=\"false\" value=\"\" type=\"text\" name=\"Budget\" \/><\/span>\n\t\t\t\t<\/p>\n\t\t\t<\/div>\n\t\t\t<div class=\"column-half\">\n\t\t\t\t<p>D\u00e9lai<span class=\"required\"><\/span><span class=\"wpcf7-form-control-wrap\" data-name=\"deadlines\"><input size=\"40\" class=\"wpcf7-form-control wpcf7-text\" id=\"deadlines\" aria-invalid=\"false\" value=\"\" type=\"text\" name=\"deadlines\" \/><\/span>\n\t\t\t\t<\/p>\n\t\t\t<\/div>\n\t\t<\/div>\n\t\t<div class=\"form-row\">\n\t\t\t<div class=\"column-full\">\n\t\t\t\t<p>Nombre de fichiers audio <span class=\"wpcf7-form-control-wrap\" data-name=\"number-of-audio-files\"><input size=\"40\" class=\"wpcf7-form-control wpcf7-text\" id=\"number-of-audio-files\" aria-invalid=\"false\" value=\"\" type=\"text\" name=\"number-of-audio-files\" \/><\/span>\n\t\t\t\t<\/p>\n\t\t\t<\/div>\n\t\t<\/div>\n\t\t<div class=\"form-row\">\n\t\t\t<div class=\"column-full\">\n\t\t\t\t<p>Avez-vous besoin d\u2019une s\u00e9ance d\u2019enregistrement dirig\u00e9e? Si oui, s\u00e9lectionnez l\u2019une des solutions suivantes:<br \/>\n<span class=\"wpcf7-form-control-wrap\" data-name=\"menu-823\"><select class=\"wpcf7-form-control wpcf7-select\" id=\"menu-823\" aria-invalid=\"false\" name=\"menu-823\"><option value=\"Aucune\">Aucune<\/option><option value=\"Skype\">Skype<\/option><option value=\"Source Connect\">Source Connect<\/option><option value=\"ipDTL\">ipDTL<\/option><option value=\"ISDN\">ISDN<\/option><option value=\"Phone Patch\">Phone Patch<\/option><\/select><\/span>\n\t\t\t\t<\/p>\n\t\t\t<\/div>\n\t\t<\/div>\n\t\t<div class=\"form-row\">\n\t\t\t<div class=\"column-full\">\n\t\t\t\t<p>Informations compl\u00e9mentaires sur votre projet (optionnel): <span class=\"wpcf7-form-control-wrap\" data-name=\"project-information\"><textarea cols=\"40\" rows=\"10\" class=\"wpcf7-form-control wpcf7-textarea\" id=\"project-information\" aria-invalid=\"false\" name=\"project-information\"><\/textarea><\/span>\n\t\t\t\t<\/p>\n\t\t\t<\/div>\n\t\t<\/div>\n\t\t<div class=\"form-row\">\n\t\t\t<div class=\"column-full\">\n\t\t\t\t<p>Vous pouvez t\u00e9l\u00e9charger votre script ici:<br \/>\n<span class=\"gfield_description\">(.zip .doc .docx .pdf .ppt .rtf .xlsx)<\/span><br \/>\n<span class=\"wpcf7-form-control-wrap\" data-name=\"file-243\"><input size=\"40\" class=\"wpcf7-form-control wpcf7-file\" accept=\".doc,.docx,.pdf,.rtf,.ppt,.zip,.xlsx\" aria-invalid=\"false\" type=\"file\" name=\"file-243\" \/><\/span>\n\t\t\t\t<\/p>\n\t\t\t<\/div>\n\t\t<\/div>\n\t\t<div class=\"form-row\">\n\t\t\t<div class=\"column-full\">\n\t\t\t\t<p><input class=\"wpcf7-form-control has-spinner wpcf7-submit\" type=\"submit\" value=\"SOUMETTRE\" \/>\n\t\t\t\t<\/p>\n\t\t\t<\/div>\n\t\t<\/div>\n\t<\/div>\n<\/div><div class=\"fusion-alert alert custom alert-custom fusion-alert-center wpcf7-response-output fusion-alert-capitalize alert-dismissable\" style=\"border-width:1px;\"><button type=\"button\" class=\"close toggle-alert\" data-dismiss=\"alert\" aria-label=\"Close\">&times;<\/button><div class=\"fusion-alert-content-wrapper\"><span class=\"fusion-alert-content\"><\/span><\/div><\/div>\n<\/form>\n<\/div>\n\n<\/div><div class=\"fusion-clearfix\"><\/div><\/div><\/div><\/div><\/div><\/p>\n","protected":false},"excerpt":{"rendered":"","protected":false},"author":1,"featured_media":0,"parent":0,"menu_order":0,"comment_status":"closed","ping_status":"closed","template":"","meta":[],"yoast_head":"<!-- This site is optimized with the Yoast SEO plugin v20.1 - https:\/\/yoast.com\/wordpress\/plugins\/seo\/ -->\n<title>Demander une soumission | Roxanne Jean<\/title>\n<meta name=\"robots\" content=\"index, follow, max-snippet:-1, max-image-preview:large, max-video-preview:-1\" \/>\n<link rel=\"canonical\" href=\"https:\/\/roxannejean.com\/fr\/demander-une-soumission\/\" \/>\n<meta property=\"og:locale\" content=\"fr_FR\" \/>\n<meta property=\"og:type\" content=\"article\" \/>\n<meta property=\"og:title\" content=\"Demander une soumission | Roxanne Jean\" \/>\n<meta property=\"og:url\" content=\"https:\/\/roxannejean.com\/fr\/demander-une-soumission\/\" \/>\n<meta property=\"og:site_name\" content=\"Roxanne Jean\" \/>\n<meta property=\"article:modified_time\" content=\"2017-05-17T14:17:56+00:00\" \/>\n<meta name=\"twitter:card\" content=\"summary_large_image\" \/>\n<meta name=\"twitter:label1\" content=\"Dur\u00e9e de lecture estim\u00e9e\" \/>\n\t<meta name=\"twitter:data1\" content=\"2 minutes\" \/>\n<script type=\"application\/ld+json\" class=\"yoast-schema-graph\">{\"@context\":\"https:\/\/schema.org\",\"@graph\":[{\"@type\":\"WebPage\",\"@id\":\"https:\/\/roxannejean.com\/fr\/demander-une-soumission\/\",\"url\":\"https:\/\/roxannejean.com\/fr\/demander-une-soumission\/\",\"name\":\"Demander une soumission | Roxanne Jean\",\"isPartOf\":{\"@id\":\"https:\/\/roxannejean.com\/#website\"},\"datePublished\":\"2017-05-17T14:10:26+00:00\",\"dateModified\":\"2017-05-17T14:17:56+00:00\",\"breadcrumb\":{\"@id\":\"https:\/\/roxannejean.com\/fr\/demander-une-soumission\/#breadcrumb\"},\"inLanguage\":\"fr-FR\",\"potentialAction\":[{\"@type\":\"ReadAction\",\"target\":[\"https:\/\/roxannejean.com\/fr\/demander-une-soumission\/\"]}]},{\"@type\":\"BreadcrumbList\",\"@id\":\"https:\/\/roxannejean.com\/fr\/demander-une-soumission\/#breadcrumb\",\"itemListElement\":[{\"@type\":\"ListItem\",\"position\":1,\"name\":\"Home\",\"item\":\"https:\/\/roxannejean.com\/fr\/\"},{\"@type\":\"ListItem\",\"position\":2,\"name\":\"Demander une soumission\"}]},{\"@type\":\"WebSite\",\"@id\":\"https:\/\/roxannejean.com\/#website\",\"url\":\"https:\/\/roxannejean.com\/\",\"name\":\"Roxanne Jean\",\"description\":\"Stellar French Canadian Voice-Over Talent\",\"potentialAction\":[{\"@type\":\"SearchAction\",\"target\":{\"@type\":\"EntryPoint\",\"urlTemplate\":\"https:\/\/roxannejean.com\/?s={search_term_string}\"},\"query-input\":\"required name=search_term_string\"}],\"inLanguage\":\"fr-FR\"}]}<\/script>\n<!-- \/ Yoast SEO plugin. -->","yoast_head_json":{"title":"Demander une soumission | Roxanne Jean","robots":{"index":"index","follow":"follow","max-snippet":"max-snippet:-1","max-image-preview":"max-image-preview:large","max-video-preview":"max-video-preview:-1"},"canonical":"https:\/\/roxannejean.com\/fr\/demander-une-soumission\/","og_locale":"fr_FR","og_type":"article","og_title":"Demander une soumission | Roxanne Jean","og_url":"https:\/\/roxannejean.com\/fr\/demander-une-soumission\/","og_site_name":"Roxanne Jean","article_modified_time":"2017-05-17T14:17:56+00:00","twitter_card":"summary_large_image","twitter_misc":{"Dur\u00e9e de lecture estim\u00e9e":"2 minutes"},"schema":{"@context":"https:\/\/schema.org","@graph":[{"@type":"WebPage","@id":"https:\/\/roxannejean.com\/fr\/demander-une-soumission\/","url":"https:\/\/roxannejean.com\/fr\/demander-une-soumission\/","name":"Demander une soumission | Roxanne Jean","isPartOf":{"@id":"https:\/\/roxannejean.com\/#website"},"datePublished":"2017-05-17T14:10:26+00:00","dateModified":"2017-05-17T14:17:56+00:00","breadcrumb":{"@id":"https:\/\/roxannejean.com\/fr\/demander-une-soumission\/#breadcrumb"},"inLanguage":"fr-FR","potentialAction":[{"@type":"ReadAction","target":["https:\/\/roxannejean.com\/fr\/demander-une-soumission\/"]}]},{"@type":"BreadcrumbList","@id":"https:\/\/roxannejean.com\/fr\/demander-une-soumission\/#breadcrumb","itemListElement":[{"@type":"ListItem","position":1,"name":"Home","item":"https:\/\/roxannejean.com\/fr\/"},{"@type":"ListItem","position":2,"name":"Demander une soumission"}]},{"@type":"WebSite","@id":"https:\/\/roxannejean.com\/#website","url":"https:\/\/roxannejean.com\/","name":"Roxanne Jean","description":"Stellar French Canadian Voice-Over Talent","potentialAction":[{"@type":"SearchAction","target":{"@type":"EntryPoint","urlTemplate":"https:\/\/roxannejean.com\/?s={search_term_string}"},"query-input":"required name=search_term_string"}],"inLanguage":"fr-FR"}]}},"_links":{"self":[{"href":"https:\/\/roxannejean.com\/fr\/wp-json\/wp\/v2\/pages\/1645"}],"collection":[{"href":"https:\/\/roxannejean.com\/fr\/wp-json\/wp\/v2\/pages"}],"about":[{"href":"https:\/\/roxannejean.com\/fr\/wp-json\/wp\/v2\/types\/page"}],"author":[{"embeddable":true,"href":"https:\/\/roxannejean.com\/fr\/wp-json\/wp\/v2\/users\/1"}],"replies":[{"embeddable":true,"href":"https:\/\/roxannejean.com\/fr\/wp-json\/wp\/v2\/comments?post=1645"}],"version-history":[{"count":0,"href":"https:\/\/roxannejean.com\/fr\/wp-json\/wp\/v2\/pages\/1645\/revisions"}],"wp:attachment":[{"href":"https:\/\/roxannejean.com\/fr\/wp-json\/wp\/v2\/media?parent=1645"}],"curies":[{"name":"wp","href":"https:\/\/api.w.org\/{rel}","templated":true}]}}